{"id":1296,"date":"2020-08-07T02:24:34","date_gmt":"2020-08-07T02:24:34","guid":{"rendered":"http:\/\/limagesrl.com.ar\/?post_type=product&#038;p=1296"},"modified":"2020-08-07T02:41:31","modified_gmt":"2020-08-07T02:41:31","slug":"sp70b","status":"publish","type":"product","link":"https:\/\/limagesrl.com.ar\/index.php\/producto\/sp70b\/","title":{"rendered":"SP70B"},"content":{"rendered":"","protected":false},"excerpt":{"rendered":"<p>El espir\u00f3metro es un equipo port\u00e1til para verificar las condiciones pulmonares, adopta el modo infrarrojo para medir art\u00edculos relativos y es aplicable para pruebas de rutina en hospitales, cl\u00ednicas y familias<\/p>\n<a class=\"maxbutton-1 maxbutton maxbutton-desfri\" target=\"_blank\" rel=\"noopener\" href=\"http:\/\/limagesrl.com.ar\/wp-content\/uploads\/2020\/08\/ESPIROMETRO-SP70B.pdf\"><span class='mb-text'>Ficha T\u00e9cnica<\/span><\/a>\n","protected":false},"featured_media":1298,"comment_status":"closed","ping_status":"closed","template":"","meta":[],"yoast_head":"<!-- This site is optimized with the Yoast SEO plugin v14.9 - https:\/\/yoast.com\/wordpress\/plugins\/seo\/ -->\n<title>SP70B | Limage S.R.L<\/title>\n<meta name=\"robots\" content=\"index, follow, max-snippet:-1, max-image-preview:large, max-video-preview:-1\" \/>\n<link rel=\"canonical\" href=\"http:\/\/limagesrl.com.ar\/index.php\/producto\/sp70b\/\" \/>\n<meta property=\"og:locale\" content=\"es_ES\" \/>\n<meta property=\"og:type\" content=\"article\" \/>\n<meta property=\"og:title\" content=\"SP70B | Limage S.R.L\" \/>\n<meta property=\"og:description\" content=\"El espir\u00f3metro es un equipo port\u00e1til para verificar las condiciones pulmonares, adopta el modo infrarrojo para medir art\u00edculos relativos y es aplicable para pruebas de rutina en hospitales, cl\u00ednicas y familias\" \/>\n<meta property=\"og:url\" content=\"http:\/\/limagesrl.com.ar\/index.php\/producto\/sp70b\/\" \/>\n<meta property=\"og:site_name\" content=\"Limage S.R.L\" \/>\n<meta property=\"article:modified_time\" content=\"2020-08-07T02:41:31+00:00\" \/>\n<meta property=\"og:image\" content=\"https:\/\/limagesrl.com.ar\/wp-content\/uploads\/2020\/08\/SP70B.jpg\" \/>\n\t<meta property=\"og:image:width\" content=\"225\" \/>\n\t<meta property=\"og:image:height\" content=\"225\" \/>\n<meta name=\"twitter:card\" content=\"summary_large_image\" \/>\n<script type=\"application\/ld+json\" class=\"yoast-schema-graph\">{\"@context\":\"https:\/\/schema.org\",\"@graph\":[{\"@type\":\"WebSite\",\"@id\":\"https:\/\/limagesrl.com.ar\/#website\",\"url\":\"https:\/\/limagesrl.com.ar\/\",\"name\":\"Limage S.R.L\",\"description\":\"Tecnologia Medica\",\"potentialAction\":[{\"@type\":\"SearchAction\",\"target\":\"https:\/\/limagesrl.com.ar\/?s={search_term_string}\",\"query-input\":\"required name=search_term_string\"}],\"inLanguage\":\"es-AR\"},{\"@type\":\"ImageObject\",\"@id\":\"http:\/\/limagesrl.com.ar\/index.php\/producto\/sp70b\/#primaryimage\",\"inLanguage\":\"es-AR\",\"url\":\"https:\/\/limagesrl.com.ar\/wp-content\/uploads\/2020\/08\/SP70B.jpg\",\"width\":225,\"height\":225,\"caption\":\"espirometro sp70b\"},{\"@type\":\"WebPage\",\"@id\":\"http:\/\/limagesrl.com.ar\/index.php\/producto\/sp70b\/#webpage\",\"url\":\"http:\/\/limagesrl.com.ar\/index.php\/producto\/sp70b\/\",\"name\":\"SP70B | Limage S.R.L\",\"isPartOf\":{\"@id\":\"https:\/\/limagesrl.com.ar\/#website\"},\"primaryImageOfPage\":{\"@id\":\"http:\/\/limagesrl.com.ar\/index.php\/producto\/sp70b\/#primaryimage\"},\"datePublished\":\"2020-08-07T02:24:34+00:00\",\"dateModified\":\"2020-08-07T02:41:31+00:00\",\"inLanguage\":\"es-AR\",\"potentialAction\":[{\"@type\":\"ReadAction\",\"target\":[\"http:\/\/limagesrl.com.ar\/index.php\/producto\/sp70b\/\"]}]}]}<\/script>\n<!-- \/ Yoast SEO plugin. -->","amp_enabled":true,"_links":{"self":[{"href":"https:\/\/limagesrl.com.ar\/index.php\/wp-json\/wp\/v2\/product\/1296"}],"collection":[{"href":"https:\/\/limagesrl.com.ar\/index.php\/wp-json\/wp\/v2\/product"}],"about":[{"href":"https:\/\/limagesrl.com.ar\/index.php\/wp-json\/wp\/v2\/types\/product"}],"replies":[{"embeddable":true,"href":"https:\/\/limagesrl.com.ar\/index.php\/wp-json\/wp\/v2\/comments?post=1296"}],"wp:featuredmedia":[{"embeddable":true,"href":"https:\/\/limagesrl.com.ar\/index.php\/wp-json\/wp\/v2\/media\/1298"}],"wp:attachment":[{"href":"https:\/\/limagesrl.com.ar\/index.php\/wp-json\/wp\/v2\/media?parent=1296"}],"curies":[{"name":"wp","href":"https:\/\/api.w.org\/{rel}","templated":true}]}}