{"id":1304,"date":"2020-09-23T20:22:49","date_gmt":"2020-09-23T20:22:49","guid":{"rendered":"http:\/\/limagesrl.com.ar\/?post_type=product&#038;p=1304"},"modified":"2020-09-23T20:31:30","modified_gmt":"2020-09-23T20:31:30","slug":"cms-5100","status":"publish","type":"product","link":"https:\/\/limagesrl.com.ar\/index.php\/producto\/cms-5100\/","title":{"rendered":"CMS 5100"},"content":{"rendered":"","protected":false},"excerpt":{"rendered":"<p><strong>Principales caracter\u00edsticas:<\/strong><\/p>\n<p>\u25a0 Ser aplicable para adultos, pedi\u00e1tricos y neonatales para monitoreo completo, operaci\u00f3n f\u00e1cil y rendimiento de alto costo.<\/p>\n<p>\u25a0 Ser aplicable para medicina, cirug\u00eda, quir\u00f3fano, UCI \/ UCC, sala de emergencias, obstetricia y ginecolog\u00eda, pediatr\u00eda.<\/p>\n<p>\u25a0 Bater\u00eda recargable de pol\u00edmero de litio incorporada para monitoreo ininterrumpido.<\/p>\n<p>\u25a0 Aspecto compacto y flexible, f\u00e1cil de transportar y adecuado para monitoreo en interiores y exteriores (en ambulancia).<\/p>\n<p>\u25a0 Con una interfaz f\u00e1cil de usar.<\/p>\n<p>\u25a0 Pantalla con LCD TFT a color de 2.8 &#8221; (320 \u00d7 240) y LED de resaltado rojo y amarillo.<\/p>\n<p>\u25a0 Se puede establecer una alarma visual y audible para la presi\u00f3n sist\u00f3lica (SYS), la presi\u00f3n diast\u00f3lica (DIA), la presi\u00f3n media (MAP), la SpO2 y la frecuencia del pulso (PR) y los l\u00edmites superior e inferior de alarma.<\/p>\n<p>\u25a0 Memoria Flash \u00fanica, almacenamiento para hasta 2000 datos NIBP y 78000 datos SpO2.<\/p>\n<p>\u25a0 Conveniente y r\u00e1pido en la consulta de datos de medici\u00f3n, revise el gr\u00e1fico de tendencia de NIBP dentro de las 24 horas y el gr\u00e1fico de tendencia de SpO2 y pulso (PR) dentro de las 20 horas.<\/p>\n<a class=\"maxbutton-1 maxbutton maxbutton-desfri\" target=\"_blank\" rel=\"noopener\" href=\"http:\/\/limagesrl.com.ar\/wp-content\/uploads\/2020\/09\/MONITOR-CMS5100-3-PARAMETROS.pdf\"><span class='mb-text'>Ficha T\u00e9cnica<\/span><\/a>\n","protected":false},"featured_media":1305,"comment_status":"closed","ping_status":"closed","template":"","meta":[],"yoast_head":"<!-- This site is optimized with the Yoast SEO plugin v14.9 - https:\/\/yoast.com\/wordpress\/plugins\/seo\/ -->\n<title>CMS 5100 | Limage S.R.L<\/title>\n<meta name=\"robots\" content=\"index, follow, max-snippet:-1, max-image-preview:large, max-video-preview:-1\" \/>\n<link rel=\"canonical\" href=\"http:\/\/limagesrl.com.ar\/index.php\/producto\/cms-5100\/\" \/>\n<meta property=\"og:locale\" content=\"es_ES\" \/>\n<meta property=\"og:type\" content=\"article\" \/>\n<meta property=\"og:title\" content=\"CMS 5100 | Limage S.R.L\" \/>\n<meta property=\"og:description\" content=\"Principales caracter\u00edsticas:  \u25a0 Ser aplicable para adultos, pedi\u00e1tricos y neonatales para monitoreo completo, operaci\u00f3n f\u00e1cil y rendimiento de alto costo.  \u25a0 Ser aplicable para medicina, cirug\u00eda, quir\u00f3fano, UCI \/ UCC, sala de emergencias, obstetricia y ginecolog\u00eda, pediatr\u00eda.  \u25a0 Bater\u00eda recargable de pol\u00edmero de litio incorporada para monitoreo ininterrumpido.  \u25a0 Aspecto compacto y flexible, f\u00e1cil de transportar y adecuado para monitoreo en interiores y exteriores (en ambulancia).  \u25a0 Con una interfaz f\u00e1cil de usar.  \u25a0 Pantalla con LCD TFT a color de 2.8 &#039;&#039; (320 \u00d7 240) y LED de resaltado rojo y amarillo.  \u25a0 Se puede establecer una alarma visual y audible para la presi\u00f3n sist\u00f3lica (SYS), la presi\u00f3n diast\u00f3lica (DIA), la presi\u00f3n media (MAP), la SpO2 y la frecuencia del pulso (PR) y los l\u00edmites superior e inferior de alarma.  \u25a0 Memoria Flash \u00fanica, almacenamiento para hasta 2000 datos NIBP y 78000 datos SpO2.  \u25a0 Conveniente y r\u00e1pido en la consulta de datos de medici\u00f3n, revise el gr\u00e1fico de tendencia de NIBP dentro de las 24 horas y el gr\u00e1fico de tendencia de SpO2 y pulso (PR) dentro de las 20 horas.\" \/>\n<meta property=\"og:url\" content=\"http:\/\/limagesrl.com.ar\/index.php\/producto\/cms-5100\/\" \/>\n<meta property=\"og:site_name\" content=\"Limage S.R.L\" \/>\n<meta property=\"article:modified_time\" content=\"2020-09-23T20:31:30+00:00\" \/>\n<meta property=\"og:image\" content=\"https:\/\/limagesrl.com.ar\/wp-content\/uploads\/2020\/09\/CMS5100-e1600893061971.jpg\" \/>\n\t<meta property=\"og:image:width\" content=\"317\" \/>\n\t<meta property=\"og:image:height\" content=\"309\" \/>\n<meta name=\"twitter:card\" content=\"summary_large_image\" \/>\n<script type=\"application\/ld+json\" class=\"yoast-schema-graph\">{\"@context\":\"https:\/\/schema.org\",\"@graph\":[{\"@type\":\"WebSite\",\"@id\":\"https:\/\/limagesrl.com.ar\/#website\",\"url\":\"https:\/\/limagesrl.com.ar\/\",\"name\":\"Limage S.R.L\",\"description\":\"Tecnologia Medica\",\"potentialAction\":[{\"@type\":\"SearchAction\",\"target\":\"https:\/\/limagesrl.com.ar\/?s={search_term_string}\",\"query-input\":\"required name=search_term_string\"}],\"inLanguage\":\"es-AR\"},{\"@type\":\"ImageObject\",\"@id\":\"http:\/\/limagesrl.com.ar\/index.php\/producto\/cms-5100\/#primaryimage\",\"inLanguage\":\"es-AR\",\"url\":\"https:\/\/limagesrl.com.ar\/wp-content\/uploads\/2020\/09\/CMS5100-e1600893061971.jpg\",\"width\":317,\"height\":309},{\"@type\":\"WebPage\",\"@id\":\"http:\/\/limagesrl.com.ar\/index.php\/producto\/cms-5100\/#webpage\",\"url\":\"http:\/\/limagesrl.com.ar\/index.php\/producto\/cms-5100\/\",\"name\":\"CMS 5100 | Limage S.R.L\",\"isPartOf\":{\"@id\":\"https:\/\/limagesrl.com.ar\/#website\"},\"primaryImageOfPage\":{\"@id\":\"http:\/\/limagesrl.com.ar\/index.php\/producto\/cms-5100\/#primaryimage\"},\"datePublished\":\"2020-09-23T20:22:49+00:00\",\"dateModified\":\"2020-09-23T20:31:30+00:00\",\"inLanguage\":\"es-AR\",\"potentialAction\":[{\"@type\":\"ReadAction\",\"target\":[\"http:\/\/limagesrl.com.ar\/index.php\/producto\/cms-5100\/\"]}]}]}<\/script>\n<!-- \/ Yoast SEO plugin. -->","amp_enabled":true,"_links":{"self":[{"href":"https:\/\/limagesrl.com.ar\/index.php\/wp-json\/wp\/v2\/product\/1304"}],"collection":[{"href":"https:\/\/limagesrl.com.ar\/index.php\/wp-json\/wp\/v2\/product"}],"about":[{"href":"https:\/\/limagesrl.com.ar\/index.php\/wp-json\/wp\/v2\/types\/product"}],"replies":[{"embeddable":true,"href":"https:\/\/limagesrl.com.ar\/index.php\/wp-json\/wp\/v2\/comments?post=1304"}],"wp:featuredmedia":[{"embeddable":true,"href":"https:\/\/limagesrl.com.ar\/index.php\/wp-json\/wp\/v2\/media\/1305"}],"wp:attachment":[{"href":"https:\/\/limagesrl.com.ar\/index.php\/wp-json\/wp\/v2\/media?parent=1304"}],"curies":[{"name":"wp","href":"https:\/\/api.w.org\/{rel}","templated":true}]}}