{"id":1363,"date":"2022-01-06T22:43:51","date_gmt":"2022-01-06T22:43:51","guid":{"rendered":"http:\/\/limagesrl.com.ar\/?post_type=product&#038;p=1363"},"modified":"2022-01-06T22:44:38","modified_gmt":"2022-01-06T22:44:38","slug":"hyhj-kc","status":"publish","type":"product","link":"https:\/\/limagesrl.com.ar\/index.php\/producto\/hyhj-kc\/","title":{"rendered":"HYHJ-KC"},"content":{"rendered":"","protected":false},"excerpt":{"rendered":"<p>Los videolaringoscopios HAIYE son equipos utilizados ampliamente en procedimientos de intubaci\u00f3n en Anestesiolog\u00eda, Emergencias, Terapia intensiva y Pediatr\u00eda.<\/p>\n<p>Su dise\u00f1o liviano, seguro y la alta calidad de imagen hacen que los videolaringoscopios HAIYE sean especialmente \u00f9tiles en los procedimientos de intubaci\u00f3n dificultosos.<\/p>\n<p>Gracias a la posibilidad de capturar imagen y video los videolaringoscopios HAIYE son utilizados para entrenamiento y capacitaci\u00f3n del personal sanitario<\/p>\n<a class=\"maxbutton-1 maxbutton maxbutton-desfri\" target=\"_blank\" rel=\"noopener\" href=\"http:\/\/limagesrl.com.ar\/wp-content\/uploads\/2022\/01\/VIDEOLARINGOS-final.pdf\"><span class='mb-text'>Ficha T\u00e9cnica<\/span><\/a>\n","protected":false},"featured_media":1364,"comment_status":"closed","ping_status":"closed","template":"","meta":[],"yoast_head":"<!-- This site is optimized with the Yoast SEO plugin v14.9 - https:\/\/yoast.com\/wordpress\/plugins\/seo\/ -->\n<title>HYHJ-KC | Limage S.R.L<\/title>\n<meta name=\"robots\" content=\"index, follow, max-snippet:-1, max-image-preview:large, max-video-preview:-1\" \/>\n<link rel=\"canonical\" href=\"http:\/\/limagesrl.com.ar\/index.php\/producto\/hyhj-kc\/\" \/>\n<meta property=\"og:locale\" content=\"es_ES\" \/>\n<meta property=\"og:type\" content=\"article\" \/>\n<meta property=\"og:title\" content=\"HYHJ-KC | Limage S.R.L\" \/>\n<meta property=\"og:description\" content=\"Los videolaringoscopios HAIYE son equipos utilizados ampliamente en procedimientos de intubaci\u00f3n en Anestesiolog\u00eda, Emergencias, Terapia intensiva y Pediatr\u00eda.  Su dise\u00f1o liviano, seguro y la alta calidad de imagen hacen que los videolaringoscopios HAIYE sean especialmente \u00f9tiles en los procedimientos de intubaci\u00f3n dificultosos.  Gracias a la posibilidad de capturar imagen y video los videolaringoscopios HAIYE son utilizados para entrenamiento y capacitaci\u00f3n del personal sanitario\" \/>\n<meta property=\"og:url\" content=\"http:\/\/limagesrl.com.ar\/index.php\/producto\/hyhj-kc\/\" \/>\n<meta property=\"og:site_name\" content=\"Limage S.R.L\" \/>\n<meta property=\"article:modified_time\" content=\"2022-01-06T22:44:38+00:00\" \/>\n<meta property=\"og:image\" content=\"https:\/\/limagesrl.com.ar\/wp-content\/uploads\/2022\/01\/HYHJ.jpg\" \/>\n\t<meta property=\"og:image:width\" content=\"1081\" \/>\n\t<meta property=\"og:image:height\" content=\"1081\" \/>\n<meta name=\"twitter:card\" content=\"summary_large_image\" \/>\n<script type=\"application\/ld+json\" class=\"yoast-schema-graph\">{\"@context\":\"https:\/\/schema.org\",\"@graph\":[{\"@type\":\"WebSite\",\"@id\":\"https:\/\/limagesrl.com.ar\/#website\",\"url\":\"https:\/\/limagesrl.com.ar\/\",\"name\":\"Limage S.R.L\",\"description\":\"Tecnologia Medica\",\"potentialAction\":[{\"@type\":\"SearchAction\",\"target\":\"https:\/\/limagesrl.com.ar\/?s={search_term_string}\",\"query-input\":\"required name=search_term_string\"}],\"inLanguage\":\"es-AR\"},{\"@type\":\"ImageObject\",\"@id\":\"http:\/\/limagesrl.com.ar\/index.php\/producto\/hyhj-kc\/#primaryimage\",\"inLanguage\":\"es-AR\",\"url\":\"https:\/\/limagesrl.com.ar\/wp-content\/uploads\/2022\/01\/HYHJ.jpg\",\"width\":1081,\"height\":1081,\"caption\":\"videolaringoscopio\"},{\"@type\":\"WebPage\",\"@id\":\"http:\/\/limagesrl.com.ar\/index.php\/producto\/hyhj-kc\/#webpage\",\"url\":\"http:\/\/limagesrl.com.ar\/index.php\/producto\/hyhj-kc\/\",\"name\":\"HYHJ-KC | Limage S.R.L\",\"isPartOf\":{\"@id\":\"https:\/\/limagesrl.com.ar\/#website\"},\"primaryImageOfPage\":{\"@id\":\"http:\/\/limagesrl.com.ar\/index.php\/producto\/hyhj-kc\/#primaryimage\"},\"datePublished\":\"2022-01-06T22:43:51+00:00\",\"dateModified\":\"2022-01-06T22:44:38+00:00\",\"inLanguage\":\"es-AR\",\"potentialAction\":[{\"@type\":\"ReadAction\",\"target\":[\"http:\/\/limagesrl.com.ar\/index.php\/producto\/hyhj-kc\/\"]}]}]}<\/script>\n<!-- \/ Yoast SEO plugin. -->","amp_enabled":true,"_links":{"self":[{"href":"https:\/\/limagesrl.com.ar\/index.php\/wp-json\/wp\/v2\/product\/1363"}],"collection":[{"href":"https:\/\/limagesrl.com.ar\/index.php\/wp-json\/wp\/v2\/product"}],"about":[{"href":"https:\/\/limagesrl.com.ar\/index.php\/wp-json\/wp\/v2\/types\/product"}],"replies":[{"embeddable":true,"href":"https:\/\/limagesrl.com.ar\/index.php\/wp-json\/wp\/v2\/comments?post=1363"}],"wp:featuredmedia":[{"embeddable":true,"href":"https:\/\/limagesrl.com.ar\/index.php\/wp-json\/wp\/v2\/media\/1364"}],"wp:attachment":[{"href":"https:\/\/limagesrl.com.ar\/index.php\/wp-json\/wp\/v2\/media?parent=1363"}],"curies":[{"name":"wp","href":"https:\/\/api.w.org\/{rel}","templated":true}]}}