{"id":782,"date":"2018-08-01T15:46:28","date_gmt":"2018-08-01T18:46:28","guid":{"rendered":"http:\/\/limagesrl.com.ar\/?post_type=product&#038;p=782"},"modified":"2018-10-09T12:51:29","modified_gmt":"2018-10-09T15:51:29","slug":"cms-800f","status":"publish","type":"product","link":"https:\/\/limagesrl.com.ar\/index.php\/producto\/cms-800f\/","title":{"rendered":"CMS 800F"},"content":{"rendered":"","protected":false},"excerpt":{"rendered":"<p><strong>CMS800F<\/strong>: Singular o gemelos ultrasonido transductor.<\/p>\n<ul>\n<li>Gr\u00e1fico de datos y revisi\u00f3n de tabla de tendencia de la madre y feto.<\/li>\n<li>Impresora t\u00e9rmica incorporada.<\/li>\n<li>Capacidad de red integrada para conectar con software de monitoreo central.<\/li>\n<li>Alarmas programables.<\/li>\n<li>Todos los colores y aspecto o los par\u00e1metros pueden ser cambiados.<\/li>\n<li>Vistas\u00a0 Multi-Faseticas, seleccionadas centran en madre o fetal.<\/li>\n<\/ul>\n<p>Almacenamiento de datos y la informaci\u00f3n del paciente.<\/p>\n<a class=\"maxbutton-1 maxbutton maxbutton-desfri\" target=\"_blank\" rel=\"noopener\" href=\"http:\/\/limagesrl.com.ar\/wp-content\/uploads\/2018\/10\/Electrocardiograsof-V.pdf\"><span class='mb-text'>Ficha T\u00e9cnica<\/span><\/a>\n","protected":false},"featured_media":1068,"comment_status":"closed","ping_status":"closed","template":"","meta":[],"yoast_head":"<!-- This site is optimized with the Yoast SEO plugin v14.9 - https:\/\/yoast.com\/wordpress\/plugins\/seo\/ -->\n<title>CMS 800F | Limage S.R.L<\/title>\n<meta name=\"robots\" content=\"index, follow, max-snippet:-1, max-image-preview:large, max-video-preview:-1\" \/>\n<link rel=\"canonical\" href=\"http:\/\/limagesrl.com.ar\/index.php\/producto\/cms-800f\/\" \/>\n<meta property=\"og:locale\" content=\"es_ES\" \/>\n<meta property=\"og:type\" content=\"article\" \/>\n<meta property=\"og:title\" content=\"CMS 800F | Limage S.R.L\" \/>\n<meta property=\"og:description\" content=\"CMS800F: Singular o gemelos ultrasonido transductor.   Gr\u00e1fico de datos y revisi\u00f3n de tabla de tendencia de la madre y feto.  Impresora t\u00e9rmica incorporada.  Capacidad de red integrada para conectar con software de monitoreo central.  Alarmas programables.  Todos los colores y aspecto o los par\u00e1metros pueden ser cambiados.  Vistas\u00a0 Multi-Faseticas, seleccionadas centran en madre o fetal.  Almacenamiento de datos y la informaci\u00f3n del paciente.\" \/>\n<meta property=\"og:url\" content=\"http:\/\/limagesrl.com.ar\/index.php\/producto\/cms-800f\/\" \/>\n<meta property=\"og:site_name\" content=\"Limage S.R.L\" \/>\n<meta property=\"article:modified_time\" content=\"2018-10-09T15:51:29+00:00\" \/>\n<meta property=\"og:image\" content=\"https:\/\/limagesrl.com.ar\/wp-content\/uploads\/2018\/08\/CMS-800F.png\" \/>\n\t<meta property=\"og:image:width\" content=\"2738\" \/>\n\t<meta property=\"og:image:height\" content=\"1825\" \/>\n<meta name=\"twitter:card\" content=\"summary_large_image\" \/>\n<script type=\"application\/ld+json\" class=\"yoast-schema-graph\">{\"@context\":\"https:\/\/schema.org\",\"@graph\":[{\"@type\":\"WebSite\",\"@id\":\"https:\/\/limagesrl.com.ar\/#website\",\"url\":\"https:\/\/limagesrl.com.ar\/\",\"name\":\"Limage S.R.L\",\"description\":\"Tecnologia Medica\",\"potentialAction\":[{\"@type\":\"SearchAction\",\"target\":\"https:\/\/limagesrl.com.ar\/?s={search_term_string}\",\"query-input\":\"required name=search_term_string\"}],\"inLanguage\":\"es-AR\"},{\"@type\":\"ImageObject\",\"@id\":\"http:\/\/limagesrl.com.ar\/index.php\/producto\/cms-800f\/#primaryimage\",\"inLanguage\":\"es-AR\",\"url\":\"https:\/\/limagesrl.com.ar\/wp-content\/uploads\/2018\/08\/CMS-800F.png\",\"width\":2738,\"height\":1825},{\"@type\":\"WebPage\",\"@id\":\"http:\/\/limagesrl.com.ar\/index.php\/producto\/cms-800f\/#webpage\",\"url\":\"http:\/\/limagesrl.com.ar\/index.php\/producto\/cms-800f\/\",\"name\":\"CMS 800F | Limage S.R.L\",\"isPartOf\":{\"@id\":\"https:\/\/limagesrl.com.ar\/#website\"},\"primaryImageOfPage\":{\"@id\":\"http:\/\/limagesrl.com.ar\/index.php\/producto\/cms-800f\/#primaryimage\"},\"datePublished\":\"2018-08-01T18:46:28+00:00\",\"dateModified\":\"2018-10-09T15:51:29+00:00\",\"inLanguage\":\"es-AR\",\"potentialAction\":[{\"@type\":\"ReadAction\",\"target\":[\"http:\/\/limagesrl.com.ar\/index.php\/producto\/cms-800f\/\"]}]}]}<\/script>\n<!-- \/ Yoast SEO plugin. -->","amp_enabled":true,"_links":{"self":[{"href":"https:\/\/limagesrl.com.ar\/index.php\/wp-json\/wp\/v2\/product\/782"}],"collection":[{"href":"https:\/\/limagesrl.com.ar\/index.php\/wp-json\/wp\/v2\/product"}],"about":[{"href":"https:\/\/limagesrl.com.ar\/index.php\/wp-json\/wp\/v2\/types\/product"}],"replies":[{"embeddable":true,"href":"https:\/\/limagesrl.com.ar\/index.php\/wp-json\/wp\/v2\/comments?post=782"}],"wp:featuredmedia":[{"embeddable":true,"href":"https:\/\/limagesrl.com.ar\/index.php\/wp-json\/wp\/v2\/media\/1068"}],"wp:attachment":[{"href":"https:\/\/limagesrl.com.ar\/index.php\/wp-json\/wp\/v2\/media?parent=782"}],"curies":[{"name":"wp","href":"https:\/\/api.w.org\/{rel}","templated":true}]}}