{"id":812,"date":"2018-08-01T17:38:56","date_gmt":"2018-08-01T20:38:56","guid":{"rendered":"http:\/\/limagesrl.com.ar\/?post_type=product&#038;p=812"},"modified":"2018-10-09T11:14:33","modified_gmt":"2018-10-09T14:14:33","slug":"sp-800","status":"publish","type":"product","link":"https:\/\/limagesrl.com.ar\/index.php\/producto\/sp-800\/","title":{"rendered":"SP 800"},"content":{"rendered":"","protected":false},"excerpt":{"rendered":"<p>SP-800 es una bomba de infusi\u00f3n volum\u00e9trica muy econ\u00f3mica, construida para una operaci\u00f3n segura y f\u00e1cil. Cuenta con la velocidad de perfusi\u00f3n\u00a0 precisa que\u00a0 garantiza la seguridad del paciente y el efecto terap\u00e9utico \u00f3ptimo.<\/p>\n<p>Caracter\u00edsticas:<\/p>\n<ul>\n<li>\u00danica en su\u00a0 dise\u00f1o sin puerta<\/li>\n<li>Pantalla LCD<\/li>\n<li>Entrega correcta de l\u00edquido<\/li>\n<li>Velocidad de infusi\u00f3n\u00a0 variable<\/li>\n<li>construido con bater\u00eda de litio recargable<\/li>\n<li>Las alarmas de audio: Al finalizar la infusi\u00f3n, la oclusi\u00f3n, burbuja de aire, bater\u00eda baja, el control anormal, error de instalaci\u00f3n, el suministro de corriente alterna.<\/li>\n<\/ul>\n<p>Especificaciones:<\/p>\n<ul>\n<li>Bolo: 600ml\/h<\/li>\n<li>Rango de la tasa de flujo: 1-2000ml\/h<\/li>\n<li>L\u00edmite de volumen: 1-9999ml<\/li>\n<li>Precisi\u00f3n:\u00b15%<\/li>\n<li>Dimensi\u00f3n: 120mmx140mmx190mm<\/li>\n<li>Peso neto:2.5kg<\/li>\n<\/ul>\n<a class=\"maxbutton-1 maxbutton maxbutton-desfri\" target=\"_blank\" rel=\"noopener\" href=\"http:\/\/limagesrl.com.ar\/wp-content\/uploads\/2018\/10\/Bombas-de-Infusi\u00f3n-y-Perfusi\u00f3n-SP-950.pdf\"><span class='mb-text'>Ficha T\u00e9cnica<\/span><\/a>\n","protected":false},"featured_media":1215,"comment_status":"closed","ping_status":"closed","template":"","meta":[],"yoast_head":"<!-- This site is optimized with the Yoast SEO plugin v14.9 - https:\/\/yoast.com\/wordpress\/plugins\/seo\/ -->\n<title>SP 800 | Limage S.R.L<\/title>\n<meta name=\"robots\" content=\"index, follow, max-snippet:-1, max-image-preview:large, max-video-preview:-1\" \/>\n<link rel=\"canonical\" href=\"http:\/\/limagesrl.com.ar\/index.php\/producto\/sp-800\/\" \/>\n<meta property=\"og:locale\" content=\"es_ES\" \/>\n<meta property=\"og:type\" content=\"article\" \/>\n<meta property=\"og:title\" content=\"SP 800 | Limage S.R.L\" \/>\n<meta property=\"og:description\" content=\"SP-800 es una bomba de infusi\u00f3n volum\u00e9trica muy econ\u00f3mica, construida para una operaci\u00f3n segura y f\u00e1cil. Cuenta con la velocidad de perfusi\u00f3n\u00a0 precisa que\u00a0 garantiza la seguridad del paciente y el efecto terap\u00e9utico \u00f3ptimo.  Caracter\u00edsticas:   \u00danica en su\u00a0 dise\u00f1o sin puerta  Pantalla LCD  Entrega correcta de l\u00edquido  Velocidad de infusi\u00f3n\u00a0 variable  construido con bater\u00eda de litio recargable  Las alarmas de audio: Al finalizar la infusi\u00f3n, la oclusi\u00f3n, burbuja de aire, bater\u00eda baja, el control anormal, error de instalaci\u00f3n, el suministro de corriente alterna.  Especificaciones:   Bolo: 600ml\/h  Rango de la tasa de flujo: 1-2000ml\/h  L\u00edmite de volumen: 1-9999ml  Precisi\u00f3n:\u00b15%  Dimensi\u00f3n: 120mmx140mmx190mm  Peso neto:2.5kg\" \/>\n<meta property=\"og:url\" content=\"http:\/\/limagesrl.com.ar\/index.php\/producto\/sp-800\/\" \/>\n<meta property=\"og:site_name\" content=\"Limage S.R.L\" \/>\n<meta property=\"article:modified_time\" content=\"2018-10-09T14:14:33+00:00\" \/>\n<meta property=\"og:image\" content=\"https:\/\/limagesrl.com.ar\/wp-content\/uploads\/2018\/08\/SP800.jpg\" \/>\n\t<meta property=\"og:image:width\" content=\"475\" \/>\n\t<meta property=\"og:image:height\" content=\"408\" \/>\n<meta name=\"twitter:card\" content=\"summary_large_image\" \/>\n<script type=\"application\/ld+json\" class=\"yoast-schema-graph\">{\"@context\":\"https:\/\/schema.org\",\"@graph\":[{\"@type\":\"WebSite\",\"@id\":\"https:\/\/limagesrl.com.ar\/#website\",\"url\":\"https:\/\/limagesrl.com.ar\/\",\"name\":\"Limage S.R.L\",\"description\":\"Tecnologia Medica\",\"potentialAction\":[{\"@type\":\"SearchAction\",\"target\":\"https:\/\/limagesrl.com.ar\/?s={search_term_string}\",\"query-input\":\"required name=search_term_string\"}],\"inLanguage\":\"es-AR\"},{\"@type\":\"ImageObject\",\"@id\":\"http:\/\/limagesrl.com.ar\/index.php\/producto\/sp-800\/#primaryimage\",\"inLanguage\":\"es-AR\",\"url\":\"https:\/\/limagesrl.com.ar\/wp-content\/uploads\/2018\/08\/SP800.jpg\",\"width\":475,\"height\":408},{\"@type\":\"WebPage\",\"@id\":\"http:\/\/limagesrl.com.ar\/index.php\/producto\/sp-800\/#webpage\",\"url\":\"http:\/\/limagesrl.com.ar\/index.php\/producto\/sp-800\/\",\"name\":\"SP 800 | Limage S.R.L\",\"isPartOf\":{\"@id\":\"https:\/\/limagesrl.com.ar\/#website\"},\"primaryImageOfPage\":{\"@id\":\"http:\/\/limagesrl.com.ar\/index.php\/producto\/sp-800\/#primaryimage\"},\"datePublished\":\"2018-08-01T20:38:56+00:00\",\"dateModified\":\"2018-10-09T14:14:33+00:00\",\"inLanguage\":\"es-AR\",\"potentialAction\":[{\"@type\":\"ReadAction\",\"target\":[\"http:\/\/limagesrl.com.ar\/index.php\/producto\/sp-800\/\"]}]}]}<\/script>\n<!-- \/ Yoast SEO plugin. -->","amp_enabled":true,"_links":{"self":[{"href":"https:\/\/limagesrl.com.ar\/index.php\/wp-json\/wp\/v2\/product\/812"}],"collection":[{"href":"https:\/\/limagesrl.com.ar\/index.php\/wp-json\/wp\/v2\/product"}],"about":[{"href":"https:\/\/limagesrl.com.ar\/index.php\/wp-json\/wp\/v2\/types\/product"}],"replies":[{"embeddable":true,"href":"https:\/\/limagesrl.com.ar\/index.php\/wp-json\/wp\/v2\/comments?post=812"}],"wp:featuredmedia":[{"embeddable":true,"href":"https:\/\/limagesrl.com.ar\/index.php\/wp-json\/wp\/v2\/media\/1215"}],"wp:attachment":[{"href":"https:\/\/limagesrl.com.ar\/index.php\/wp-json\/wp\/v2\/media?parent=812"}],"curies":[{"name":"wp","href":"https:\/\/api.w.org\/{rel}","templated":true}]}}