{"id":814,"date":"2018-08-01T17:42:30","date_gmt":"2018-08-01T20:42:30","guid":{"rendered":"http:\/\/limagesrl.com.ar\/?post_type=product&#038;p=814"},"modified":"2018-10-09T08:18:00","modified_gmt":"2018-10-09T11:18:00","slug":"aed7000","status":"publish","type":"product","link":"https:\/\/limagesrl.com.ar\/index.php\/producto\/aed7000\/","title":{"rendered":"AED7000"},"content":{"rendered":"","protected":false},"excerpt":{"rendered":"<p>El desfibrilador externo autom\u00e1tico de AED7000 es un dispositivo de Desfibrilaci\u00f3n bifasica segura, f\u00e1cil de usar. El equipo reconoce fibrilaci\u00f3n ventricular, taquicardia ventricular y gu\u00eda a los operadores a trav\u00e9s del proceso de Desfibrilaci\u00f3n. El AED7000 ofrece el shock de Desfibrilaci\u00f3n a trav\u00e9s de dos electrodos autoadhesivos de baja impedancia.<br \/>\n<a class=\"maxbutton-1 maxbutton maxbutton-desfri\" target=\"_blank\" rel=\"noopener\" href=\"http:\/\/limagesrl.com.ar\/wp-content\/uploads\/2018\/10\/Desfibriladores-MB-.jpg\"><span class='mb-text'>Ficha T\u00e9cnica<\/span><\/a><\/p>\n","protected":false},"featured_media":1148,"comment_status":"closed","ping_status":"closed","template":"","meta":[],"yoast_head":"<!-- This site is optimized with the Yoast SEO plugin v14.9 - https:\/\/yoast.com\/wordpress\/plugins\/seo\/ -->\n<title>AED7000 | Limage S.R.L<\/title>\n<meta name=\"robots\" content=\"index, follow, max-snippet:-1, max-image-preview:large, max-video-preview:-1\" \/>\n<link rel=\"canonical\" href=\"http:\/\/limagesrl.com.ar\/index.php\/producto\/aed7000\/\" \/>\n<meta property=\"og:locale\" content=\"es_ES\" \/>\n<meta property=\"og:type\" content=\"article\" \/>\n<meta property=\"og:title\" content=\"AED7000 | Limage S.R.L\" \/>\n<meta property=\"og:description\" content=\"El desfibrilador externo autom\u00e1tico de AED7000 es un dispositivo de Desfibrilaci\u00f3n bifasica segura, f\u00e1cil de usar. El equipo reconoce fibrilaci\u00f3n ventricular, taquicardia ventricular y gu\u00eda a los operadores a trav\u00e9s del proceso de Desfibrilaci\u00f3n. El AED7000 ofrece el shock de Desfibrilaci\u00f3n a trav\u00e9s de dos electrodos autoadhesivos de baja impedancia.\" \/>\n<meta property=\"og:url\" content=\"http:\/\/limagesrl.com.ar\/index.php\/producto\/aed7000\/\" \/>\n<meta property=\"og:site_name\" content=\"Limage S.R.L\" \/>\n<meta property=\"article:modified_time\" content=\"2018-10-09T11:18:00+00:00\" \/>\n<meta property=\"og:image\" content=\"https:\/\/limagesrl.com.ar\/wp-content\/uploads\/2018\/08\/Aed7000LL.jpg\" \/>\n\t<meta property=\"og:image:width\" content=\"475\" \/>\n\t<meta property=\"og:image:height\" content=\"317\" \/>\n<meta name=\"twitter:card\" content=\"summary_large_image\" \/>\n<script type=\"application\/ld+json\" class=\"yoast-schema-graph\">{\"@context\":\"https:\/\/schema.org\",\"@graph\":[{\"@type\":\"WebSite\",\"@id\":\"https:\/\/limagesrl.com.ar\/#website\",\"url\":\"https:\/\/limagesrl.com.ar\/\",\"name\":\"Limage S.R.L\",\"description\":\"Tecnologia Medica\",\"potentialAction\":[{\"@type\":\"SearchAction\",\"target\":\"https:\/\/limagesrl.com.ar\/?s={search_term_string}\",\"query-input\":\"required name=search_term_string\"}],\"inLanguage\":\"es-AR\"},{\"@type\":\"ImageObject\",\"@id\":\"http:\/\/limagesrl.com.ar\/index.php\/producto\/aed7000\/#primaryimage\",\"inLanguage\":\"es-AR\",\"url\":\"https:\/\/limagesrl.com.ar\/wp-content\/uploads\/2018\/08\/Aed7000LL.jpg\",\"width\":475,\"height\":317},{\"@type\":\"WebPage\",\"@id\":\"http:\/\/limagesrl.com.ar\/index.php\/producto\/aed7000\/#webpage\",\"url\":\"http:\/\/limagesrl.com.ar\/index.php\/producto\/aed7000\/\",\"name\":\"AED7000 | Limage S.R.L\",\"isPartOf\":{\"@id\":\"https:\/\/limagesrl.com.ar\/#website\"},\"primaryImageOfPage\":{\"@id\":\"http:\/\/limagesrl.com.ar\/index.php\/producto\/aed7000\/#primaryimage\"},\"datePublished\":\"2018-08-01T20:42:30+00:00\",\"dateModified\":\"2018-10-09T11:18:00+00:00\",\"inLanguage\":\"es-AR\",\"potentialAction\":[{\"@type\":\"ReadAction\",\"target\":[\"http:\/\/limagesrl.com.ar\/index.php\/producto\/aed7000\/\"]}]}]}<\/script>\n<!-- \/ Yoast SEO plugin. -->","amp_enabled":true,"_links":{"self":[{"href":"https:\/\/limagesrl.com.ar\/index.php\/wp-json\/wp\/v2\/product\/814"}],"collection":[{"href":"https:\/\/limagesrl.com.ar\/index.php\/wp-json\/wp\/v2\/product"}],"about":[{"href":"https:\/\/limagesrl.com.ar\/index.php\/wp-json\/wp\/v2\/types\/product"}],"replies":[{"embeddable":true,"href":"https:\/\/limagesrl.com.ar\/index.php\/wp-json\/wp\/v2\/comments?post=814"}],"wp:featuredmedia":[{"embeddable":true,"href":"https:\/\/limagesrl.com.ar\/index.php\/wp-json\/wp\/v2\/media\/1148"}],"wp:attachment":[{"href":"https:\/\/limagesrl.com.ar\/index.php\/wp-json\/wp\/v2\/media?parent=814"}],"curies":[{"name":"wp","href":"https:\/\/api.w.org\/{rel}","templated":true}]}}