{"id":818,"date":"2018-08-01T17:56:43","date_gmt":"2018-08-01T20:56:43","guid":{"rendered":"http:\/\/limagesrl.com.ar\/?post_type=product&#038;p=818"},"modified":"2018-10-09T08:11:27","modified_gmt":"2018-10-09T11:11:27","slug":"sonoline-a","status":"publish","type":"product","link":"https:\/\/limagesrl.com.ar\/index.php\/producto\/sonoline-a\/","title":{"rendered":"Sonoline A"},"content":{"rendered":"","protected":false},"excerpt":{"rendered":"<p>El Doppler fetal de bolsillo re\u00fane todos los requisitos del examen de rutina obst\u00e9trico de la mujer embarazada. Sonoline A es para auscultaci\u00f3n simple de los latidos fetales.<br \/>\n<a class=\"maxbutton-1 maxbutton maxbutton-desfri\" target=\"_blank\" rel=\"noopener\" href=\"http:\/\/limagesrl.com.ar\/wp-content\/uploads\/2018\/10\/Folleto-Doppler-Fetales-CMS800G.pdf\"><span class='mb-text'>Ficha T\u00e9cnica<\/span><\/a><\/p>\n","protected":false},"featured_media":1167,"comment_status":"closed","ping_status":"closed","template":"","meta":[],"yoast_head":"<!-- This site is optimized with the Yoast SEO plugin v14.9 - https:\/\/yoast.com\/wordpress\/plugins\/seo\/ -->\n<title>Sonoline A | Limage S.R.L<\/title>\n<meta name=\"robots\" content=\"index, follow, max-snippet:-1, max-image-preview:large, max-video-preview:-1\" \/>\n<link rel=\"canonical\" href=\"http:\/\/limagesrl.com.ar\/index.php\/producto\/sonoline-a\/\" \/>\n<meta property=\"og:locale\" content=\"es_ES\" \/>\n<meta property=\"og:type\" content=\"article\" \/>\n<meta property=\"og:title\" content=\"Sonoline A | Limage S.R.L\" \/>\n<meta property=\"og:description\" content=\"El Doppler fetal de bolsillo re\u00fane todos los requisitos del examen de rutina obst\u00e9trico de la mujer embarazada. Sonoline A es para auscultaci\u00f3n simple de los latidos fetales.\" \/>\n<meta property=\"og:url\" content=\"http:\/\/limagesrl.com.ar\/index.php\/producto\/sonoline-a\/\" \/>\n<meta property=\"og:site_name\" content=\"Limage S.R.L\" \/>\n<meta property=\"article:modified_time\" content=\"2018-10-09T11:11:27+00:00\" \/>\n<meta property=\"og:image\" content=\"https:\/\/limagesrl.com.ar\/wp-content\/uploads\/2018\/08\/0000_SonolineA.jpg\" \/>\n\t<meta property=\"og:image:width\" content=\"2738\" \/>\n\t<meta property=\"og:image:height\" content=\"1825\" \/>\n<meta name=\"twitter:card\" content=\"summary_large_image\" \/>\n<script type=\"application\/ld+json\" class=\"yoast-schema-graph\">{\"@context\":\"https:\/\/schema.org\",\"@graph\":[{\"@type\":\"WebSite\",\"@id\":\"https:\/\/limagesrl.com.ar\/#website\",\"url\":\"https:\/\/limagesrl.com.ar\/\",\"name\":\"Limage S.R.L\",\"description\":\"Tecnologia Medica\",\"potentialAction\":[{\"@type\":\"SearchAction\",\"target\":\"https:\/\/limagesrl.com.ar\/?s={search_term_string}\",\"query-input\":\"required name=search_term_string\"}],\"inLanguage\":\"es-AR\"},{\"@type\":\"ImageObject\",\"@id\":\"http:\/\/limagesrl.com.ar\/index.php\/producto\/sonoline-a\/#primaryimage\",\"inLanguage\":\"es-AR\",\"url\":\"https:\/\/limagesrl.com.ar\/wp-content\/uploads\/2018\/08\/0000_SonolineA.jpg\",\"width\":2738,\"height\":1825},{\"@type\":\"WebPage\",\"@id\":\"http:\/\/limagesrl.com.ar\/index.php\/producto\/sonoline-a\/#webpage\",\"url\":\"http:\/\/limagesrl.com.ar\/index.php\/producto\/sonoline-a\/\",\"name\":\"Sonoline A | Limage S.R.L\",\"isPartOf\":{\"@id\":\"https:\/\/limagesrl.com.ar\/#website\"},\"primaryImageOfPage\":{\"@id\":\"http:\/\/limagesrl.com.ar\/index.php\/producto\/sonoline-a\/#primaryimage\"},\"datePublished\":\"2018-08-01T20:56:43+00:00\",\"dateModified\":\"2018-10-09T11:11:27+00:00\",\"inLanguage\":\"es-AR\",\"potentialAction\":[{\"@type\":\"ReadAction\",\"target\":[\"http:\/\/limagesrl.com.ar\/index.php\/producto\/sonoline-a\/\"]}]}]}<\/script>\n<!-- \/ Yoast SEO plugin. -->","amp_enabled":true,"_links":{"self":[{"href":"https:\/\/limagesrl.com.ar\/index.php\/wp-json\/wp\/v2\/product\/818"}],"collection":[{"href":"https:\/\/limagesrl.com.ar\/index.php\/wp-json\/wp\/v2\/product"}],"about":[{"href":"https:\/\/limagesrl.com.ar\/index.php\/wp-json\/wp\/v2\/types\/product"}],"replies":[{"embeddable":true,"href":"https:\/\/limagesrl.com.ar\/index.php\/wp-json\/wp\/v2\/comments?post=818"}],"wp:featuredmedia":[{"embeddable":true,"href":"https:\/\/limagesrl.com.ar\/index.php\/wp-json\/wp\/v2\/media\/1167"}],"wp:attachment":[{"href":"https:\/\/limagesrl.com.ar\/index.php\/wp-json\/wp\/v2\/media?parent=818"}],"curies":[{"name":"wp","href":"https:\/\/api.w.org\/{rel}","templated":true}]}}