{"id":824,"date":"2018-08-01T18:11:07","date_gmt":"2018-08-01T21:11:07","guid":{"rendered":"http:\/\/limagesrl.com.ar\/?post_type=product&#038;p=824"},"modified":"2018-10-09T08:05:27","modified_gmt":"2018-10-09T11:05:27","slug":"sp10","status":"publish","type":"product","link":"https:\/\/limagesrl.com.ar\/index.php\/producto\/sp10\/","title":{"rendered":"SP10"},"content":{"rendered":"","protected":false},"excerpt":{"rendered":"<p>Pantalla 1.8\u00a8 160&#215;128 pixel TFT, retro iluminada. Modo de operaci\u00f3n y pruebas de diagn\u00f3stico r\u00e1pido. Proporciona la tasa de volumen y tiempo del mismo en forma de onda para el diagn\u00f3stico. Memoria interna para el almacenamiento de datos y los mismos pueden enviarse a la PC. (utilizando USB o inal\u00e1mbricos). Indicador de carga y capacidad de apagado autom\u00e1tico en 1 minuto.<br \/>\n<a class=\"maxbutton-1 maxbutton maxbutton-desfri\" target=\"_blank\" rel=\"noopener\" href=\"http:\/\/limagesrl.com.ar\/wp-content\/uploads\/2018\/10\/Espir\u00f3metro-Estetoscopio-CMS.pdf\"><span class='mb-text'>Ficha T\u00e9cnica<\/span><\/a><\/p>\n","protected":false},"featured_media":1096,"comment_status":"closed","ping_status":"closed","template":"","meta":[],"yoast_head":"<!-- This site is optimized with the Yoast SEO plugin v14.9 - https:\/\/yoast.com\/wordpress\/plugins\/seo\/ -->\n<title>SP10 | Limage S.R.L<\/title>\n<meta name=\"robots\" content=\"index, follow, max-snippet:-1, max-image-preview:large, max-video-preview:-1\" \/>\n<link rel=\"canonical\" href=\"http:\/\/limagesrl.com.ar\/index.php\/producto\/sp10\/\" \/>\n<meta property=\"og:locale\" content=\"es_ES\" \/>\n<meta property=\"og:type\" content=\"article\" \/>\n<meta property=\"og:title\" content=\"SP10 | Limage S.R.L\" \/>\n<meta property=\"og:description\" content=\"Pantalla 1.8\u00a8 160x128 pixel TFT, retro iluminada. Modo de operaci\u00f3n y pruebas de diagn\u00f3stico r\u00e1pido. Proporciona la tasa de volumen y tiempo del mismo en forma de onda para el diagn\u00f3stico. Memoria interna para el almacenamiento de datos y los mismos pueden enviarse a la PC. (utilizando USB o inal\u00e1mbricos). Indicador de carga y capacidad de apagado autom\u00e1tico en 1 minuto.\" \/>\n<meta property=\"og:url\" content=\"http:\/\/limagesrl.com.ar\/index.php\/producto\/sp10\/\" \/>\n<meta property=\"og:site_name\" content=\"Limage S.R.L\" \/>\n<meta property=\"article:modified_time\" content=\"2018-10-09T11:05:27+00:00\" \/>\n<meta property=\"og:image\" content=\"https:\/\/limagesrl.com.ar\/wp-content\/uploads\/2018\/08\/SP10.png\" \/>\n\t<meta property=\"og:image:width\" content=\"2738\" \/>\n\t<meta property=\"og:image:height\" content=\"1825\" \/>\n<meta name=\"twitter:card\" content=\"summary_large_image\" \/>\n<script type=\"application\/ld+json\" class=\"yoast-schema-graph\">{\"@context\":\"https:\/\/schema.org\",\"@graph\":[{\"@type\":\"WebSite\",\"@id\":\"https:\/\/limagesrl.com.ar\/#website\",\"url\":\"https:\/\/limagesrl.com.ar\/\",\"name\":\"Limage S.R.L\",\"description\":\"Tecnologia Medica\",\"potentialAction\":[{\"@type\":\"SearchAction\",\"target\":\"https:\/\/limagesrl.com.ar\/?s={search_term_string}\",\"query-input\":\"required name=search_term_string\"}],\"inLanguage\":\"es-AR\"},{\"@type\":\"ImageObject\",\"@id\":\"http:\/\/limagesrl.com.ar\/index.php\/producto\/sp10\/#primaryimage\",\"inLanguage\":\"es-AR\",\"url\":\"https:\/\/limagesrl.com.ar\/wp-content\/uploads\/2018\/08\/SP10.png\",\"width\":2738,\"height\":1825},{\"@type\":\"WebPage\",\"@id\":\"http:\/\/limagesrl.com.ar\/index.php\/producto\/sp10\/#webpage\",\"url\":\"http:\/\/limagesrl.com.ar\/index.php\/producto\/sp10\/\",\"name\":\"SP10 | Limage S.R.L\",\"isPartOf\":{\"@id\":\"https:\/\/limagesrl.com.ar\/#website\"},\"primaryImageOfPage\":{\"@id\":\"http:\/\/limagesrl.com.ar\/index.php\/producto\/sp10\/#primaryimage\"},\"datePublished\":\"2018-08-01T21:11:07+00:00\",\"dateModified\":\"2018-10-09T11:05:27+00:00\",\"inLanguage\":\"es-AR\",\"potentialAction\":[{\"@type\":\"ReadAction\",\"target\":[\"http:\/\/limagesrl.com.ar\/index.php\/producto\/sp10\/\"]}]}]}<\/script>\n<!-- \/ Yoast SEO plugin. -->","amp_enabled":true,"_links":{"self":[{"href":"https:\/\/limagesrl.com.ar\/index.php\/wp-json\/wp\/v2\/product\/824"}],"collection":[{"href":"https:\/\/limagesrl.com.ar\/index.php\/wp-json\/wp\/v2\/product"}],"about":[{"href":"https:\/\/limagesrl.com.ar\/index.php\/wp-json\/wp\/v2\/types\/product"}],"replies":[{"embeddable":true,"href":"https:\/\/limagesrl.com.ar\/index.php\/wp-json\/wp\/v2\/comments?post=824"}],"wp:featuredmedia":[{"embeddable":true,"href":"https:\/\/limagesrl.com.ar\/index.php\/wp-json\/wp\/v2\/media\/1096"}],"wp:attachment":[{"href":"https:\/\/limagesrl.com.ar\/index.php\/wp-json\/wp\/v2\/media?parent=824"}],"curies":[{"name":"wp","href":"https:\/\/api.w.org\/{rel}","templated":true}]}}