{"id":826,"date":"2018-08-01T18:13:15","date_gmt":"2018-08-01T21:13:15","guid":{"rendered":"http:\/\/limagesrl.com.ar\/?post_type=product&#038;p=826"},"modified":"2018-10-09T12:08:00","modified_gmt":"2018-10-09T15:08:00","slug":"cms90a","status":"publish","type":"product","link":"https:\/\/limagesrl.com.ar\/index.php\/producto\/cms90a\/","title":{"rendered":"CMS90A"},"content":{"rendered":"","protected":false},"excerpt":{"rendered":"<p>90A: Pantalla LCD color 2.83 &#8221; (resoluci\u00f3n: 320 \u00d7 240) muestra la forma de onda de ECG y Registra la forma en tiempo real, continua, clara y precisa. Cuenta con la capacidad de operar con teclas sensibles al tacto y funci\u00f3n.<\/p>\n<p>El sistema adopta una alta resoluci\u00f3n de matriz t\u00e9rmica de salida (8dot\/mm), sin necesidad de ning\u00fan ajuste.\u00a0Frecuencia de grabaci\u00f3n: hasta 150Hz.<\/p>\n<p>12 derivaciones de ECG, Adquisici\u00f3n y visualizaci\u00f3n simultanea de 3\/6\/12- derivaciones de ECG en forma de onda, modo de impresi\u00f3n, la sensibilidad, la velocidad del papel, el estado del filtro en una pantalla.<\/p>\n<p>Con las funciones de auto-an\u00e1lisis y auto-diagn\u00f3stico para par\u00e1metros de rutina , proporcionan resultados de medici\u00f3n y la conclusi\u00f3n de auto-diagn\u00f3stico , el intervalo PR, P , Duraci\u00f3n del QRS, intervalo QT, Q-Tc, P Eje, eje QRS, T Eje, R (V5), S (V1), R (V5) + S (V1), etc, que reduce la tarea del m\u00e9dico.<\/p>\n<p>En el modo de revisi\u00f3n, de forma de onda almacenada caso se puede comprobar, el par\u00e1metro de medici\u00f3n e informaci\u00f3n de diagn\u00f3stico se puede analizar de forma autom\u00e1tica.<\/p>\n<p>Idiomas de interfaz opcionales informe (chino o Ingl\u00e9s), y se puede imprimir.<\/p>\n","protected":false},"featured_media":1146,"comment_status":"closed","ping_status":"closed","template":"","meta":[],"yoast_head":"<!-- This site is optimized with the Yoast SEO plugin v14.9 - https:\/\/yoast.com\/wordpress\/plugins\/seo\/ -->\n<title>CMS90A | Limage S.R.L<\/title>\n<meta name=\"robots\" content=\"index, follow, max-snippet:-1, max-image-preview:large, max-video-preview:-1\" \/>\n<link rel=\"canonical\" href=\"http:\/\/limagesrl.com.ar\/index.php\/producto\/cms90a\/\" \/>\n<meta property=\"og:locale\" content=\"es_ES\" \/>\n<meta property=\"og:type\" content=\"article\" \/>\n<meta property=\"og:title\" content=\"CMS90A | Limage S.R.L\" \/>\n<meta property=\"og:description\" content=\"90A: Pantalla LCD color 2.83 &quot; (resoluci\u00f3n: 320 \u00d7 240) muestra la forma de onda de ECG y Registra la forma en tiempo real, continua, clara y precisa. Cuenta con la capacidad de operar con teclas sensibles al tacto y funci\u00f3n.  El sistema adopta una alta resoluci\u00f3n de matriz t\u00e9rmica de salida (8dot\/mm), sin necesidad de ning\u00fan ajuste.\u00a0Frecuencia de grabaci\u00f3n: hasta 150Hz.  12 derivaciones de ECG, Adquisici\u00f3n y visualizaci\u00f3n simultanea de 3\/6\/12- derivaciones de ECG en forma de onda, modo de impresi\u00f3n, la sensibilidad, la velocidad del papel, el estado del filtro en una pantalla.  Con las funciones de auto-an\u00e1lisis y auto-diagn\u00f3stico para par\u00e1metros de rutina , proporcionan resultados de medici\u00f3n y la conclusi\u00f3n de auto-diagn\u00f3stico , el intervalo PR, P , Duraci\u00f3n del QRS, intervalo QT, Q-Tc, P Eje, eje QRS, T Eje, R (V5), S (V1), R (V5) + S (V1), etc, que reduce la tarea del m\u00e9dico.  En el modo de revisi\u00f3n, de forma de onda almacenada caso se puede comprobar, el par\u00e1metro de medici\u00f3n e informaci\u00f3n de diagn\u00f3stico se puede analizar de forma autom\u00e1tica.  Idiomas de interfaz opcionales informe (chino o Ingl\u00e9s), y se puede imprimir.\" \/>\n<meta property=\"og:url\" content=\"http:\/\/limagesrl.com.ar\/index.php\/producto\/cms90a\/\" \/>\n<meta property=\"og:site_name\" content=\"Limage S.R.L\" \/>\n<meta property=\"article:modified_time\" content=\"2018-10-09T15:08:00+00:00\" \/>\n<meta property=\"og:image\" content=\"https:\/\/limagesrl.com.ar\/wp-content\/uploads\/2018\/08\/CMS90A.jpg\" \/>\n\t<meta property=\"og:image:width\" content=\"1024\" \/>\n\t<meta property=\"og:image:height\" content=\"683\" \/>\n<meta name=\"twitter:card\" content=\"summary_large_image\" \/>\n<script type=\"application\/ld+json\" class=\"yoast-schema-graph\">{\"@context\":\"https:\/\/schema.org\",\"@graph\":[{\"@type\":\"WebSite\",\"@id\":\"https:\/\/limagesrl.com.ar\/#website\",\"url\":\"https:\/\/limagesrl.com.ar\/\",\"name\":\"Limage S.R.L\",\"description\":\"Tecnologia Medica\",\"potentialAction\":[{\"@type\":\"SearchAction\",\"target\":\"https:\/\/limagesrl.com.ar\/?s={search_term_string}\",\"query-input\":\"required name=search_term_string\"}],\"inLanguage\":\"es-AR\"},{\"@type\":\"ImageObject\",\"@id\":\"http:\/\/limagesrl.com.ar\/index.php\/producto\/cms90a\/#primaryimage\",\"inLanguage\":\"es-AR\",\"url\":\"https:\/\/limagesrl.com.ar\/wp-content\/uploads\/2018\/08\/CMS90A.jpg\",\"width\":1024,\"height\":683},{\"@type\":\"WebPage\",\"@id\":\"http:\/\/limagesrl.com.ar\/index.php\/producto\/cms90a\/#webpage\",\"url\":\"http:\/\/limagesrl.com.ar\/index.php\/producto\/cms90a\/\",\"name\":\"CMS90A | Limage S.R.L\",\"isPartOf\":{\"@id\":\"https:\/\/limagesrl.com.ar\/#website\"},\"primaryImageOfPage\":{\"@id\":\"http:\/\/limagesrl.com.ar\/index.php\/producto\/cms90a\/#primaryimage\"},\"datePublished\":\"2018-08-01T21:13:15+00:00\",\"dateModified\":\"2018-10-09T15:08:00+00:00\",\"inLanguage\":\"es-AR\",\"potentialAction\":[{\"@type\":\"ReadAction\",\"target\":[\"http:\/\/limagesrl.com.ar\/index.php\/producto\/cms90a\/\"]}]}]}<\/script>\n<!-- \/ Yoast SEO plugin. -->","amp_enabled":true,"_links":{"self":[{"href":"https:\/\/limagesrl.com.ar\/index.php\/wp-json\/wp\/v2\/product\/826"}],"collection":[{"href":"https:\/\/limagesrl.com.ar\/index.php\/wp-json\/wp\/v2\/product"}],"about":[{"href":"https:\/\/limagesrl.com.ar\/index.php\/wp-json\/wp\/v2\/types\/product"}],"replies":[{"embeddable":true,"href":"https:\/\/limagesrl.com.ar\/index.php\/wp-json\/wp\/v2\/comments?post=826"}],"wp:featuredmedia":[{"embeddable":true,"href":"https:\/\/limagesrl.com.ar\/index.php\/wp-json\/wp\/v2\/media\/1146"}],"wp:attachment":[{"href":"https:\/\/limagesrl.com.ar\/index.php\/wp-json\/wp\/v2\/media?parent=826"}],"curies":[{"name":"wp","href":"https:\/\/api.w.org\/{rel}","templated":true}]}}