{"id":829,"date":"2018-08-01T18:53:28","date_gmt":"2018-08-01T21:53:28","guid":{"rendered":"http:\/\/limagesrl.com.ar\/?post_type=product&#038;p=829"},"modified":"2018-10-09T08:20:16","modified_gmt":"2018-10-09T11:20:16","slug":"ecg-300g-3-canales","status":"publish","type":"product","link":"https:\/\/limagesrl.com.ar\/index.php\/producto\/ecg-300g-3-canales\/","title":{"rendered":"ECG 300G 3 Canales"},"content":{"rendered":"","protected":false},"excerpt":{"rendered":"<p>Electrocardi\u00f3grafo de tres canales, con pantalla TFT de 3.5&#8243;, impresora t\u00e9rmica y bater\u00eda de litio recargable que soporta hasta 150 estudios.<br \/>\n<a class=\"maxbutton-1 maxbutton maxbutton-desfri\" target=\"_blank\" rel=\"noopener\" href=\"http:\/\/limagesrl.com.ar\/wp-content\/uploads\/2018\/10\/Electrocardiograsof-V.pdf\"><span class='mb-text'>Ficha T\u00e9cnica<\/span><\/a><\/p>\n","protected":false},"featured_media":1063,"comment_status":"closed","ping_status":"closed","template":"","meta":[],"yoast_head":"<!-- This site is optimized with the Yoast SEO plugin v14.9 - https:\/\/yoast.com\/wordpress\/plugins\/seo\/ -->\n<title>ECG 300G 3 Canales | Limage S.R.L<\/title>\n<meta name=\"robots\" content=\"index, follow, max-snippet:-1, max-image-preview:large, max-video-preview:-1\" \/>\n<link rel=\"canonical\" href=\"http:\/\/limagesrl.com.ar\/index.php\/producto\/ecg-300g-3-canales\/\" \/>\n<meta property=\"og:locale\" content=\"es_ES\" \/>\n<meta property=\"og:type\" content=\"article\" \/>\n<meta property=\"og:title\" content=\"ECG 300G 3 Canales | Limage S.R.L\" \/>\n<meta property=\"og:description\" content=\"Electrocardi\u00f3grafo de tres canales, con pantalla TFT de 3.5&quot;, impresora t\u00e9rmica y bater\u00eda de litio recargable que soporta hasta 150 estudios.\" \/>\n<meta property=\"og:url\" content=\"http:\/\/limagesrl.com.ar\/index.php\/producto\/ecg-300g-3-canales\/\" \/>\n<meta property=\"og:site_name\" content=\"Limage S.R.L\" \/>\n<meta property=\"article:modified_time\" content=\"2018-10-09T11:20:16+00:00\" \/>\n<meta property=\"og:image\" content=\"https:\/\/limagesrl.com.ar\/wp-content\/uploads\/2018\/08\/ECG-100G-1024x683.png\" \/>\n\t<meta property=\"og:image:width\" content=\"1024\" \/>\n\t<meta property=\"og:image:height\" content=\"683\" \/>\n<meta name=\"twitter:card\" content=\"summary_large_image\" \/>\n<script type=\"application\/ld+json\" class=\"yoast-schema-graph\">{\"@context\":\"https:\/\/schema.org\",\"@graph\":[{\"@type\":\"WebSite\",\"@id\":\"https:\/\/limagesrl.com.ar\/#website\",\"url\":\"https:\/\/limagesrl.com.ar\/\",\"name\":\"Limage S.R.L\",\"description\":\"Tecnologia Medica\",\"potentialAction\":[{\"@type\":\"SearchAction\",\"target\":\"https:\/\/limagesrl.com.ar\/?s={search_term_string}\",\"query-input\":\"required name=search_term_string\"}],\"inLanguage\":\"es-AR\"},{\"@type\":\"ImageObject\",\"@id\":\"http:\/\/limagesrl.com.ar\/index.php\/producto\/ecg-300g-3-canales\/#primaryimage\",\"inLanguage\":\"es-AR\",\"url\":\"https:\/\/limagesrl.com.ar\/wp-content\/uploads\/2018\/08\/ECG-100G.png\",\"width\":2738,\"height\":1825},{\"@type\":\"WebPage\",\"@id\":\"http:\/\/limagesrl.com.ar\/index.php\/producto\/ecg-300g-3-canales\/#webpage\",\"url\":\"http:\/\/limagesrl.com.ar\/index.php\/producto\/ecg-300g-3-canales\/\",\"name\":\"ECG 300G 3 Canales | Limage S.R.L\",\"isPartOf\":{\"@id\":\"https:\/\/limagesrl.com.ar\/#website\"},\"primaryImageOfPage\":{\"@id\":\"http:\/\/limagesrl.com.ar\/index.php\/producto\/ecg-300g-3-canales\/#primaryimage\"},\"datePublished\":\"2018-08-01T21:53:28+00:00\",\"dateModified\":\"2018-10-09T11:20:16+00:00\",\"inLanguage\":\"es-AR\",\"potentialAction\":[{\"@type\":\"ReadAction\",\"target\":[\"http:\/\/limagesrl.com.ar\/index.php\/producto\/ecg-300g-3-canales\/\"]}]}]}<\/script>\n<!-- \/ Yoast SEO plugin. -->","amp_enabled":true,"_links":{"self":[{"href":"https:\/\/limagesrl.com.ar\/index.php\/wp-json\/wp\/v2\/product\/829"}],"collection":[{"href":"https:\/\/limagesrl.com.ar\/index.php\/wp-json\/wp\/v2\/product"}],"about":[{"href":"https:\/\/limagesrl.com.ar\/index.php\/wp-json\/wp\/v2\/types\/product"}],"replies":[{"embeddable":true,"href":"https:\/\/limagesrl.com.ar\/index.php\/wp-json\/wp\/v2\/comments?post=829"}],"wp:featuredmedia":[{"embeddable":true,"href":"https:\/\/limagesrl.com.ar\/index.php\/wp-json\/wp\/v2\/media\/1063"}],"wp:attachment":[{"href":"https:\/\/limagesrl.com.ar\/index.php\/wp-json\/wp\/v2\/media?parent=829"}],"curies":[{"name":"wp","href":"https:\/\/api.w.org\/{rel}","templated":true}]}}