{"id":835,"date":"2018-08-01T19:00:42","date_gmt":"2018-08-01T22:00:42","guid":{"rendered":"http:\/\/limagesrl.com.ar\/?post_type=product&#038;p=835"},"modified":"2018-10-09T08:23:59","modified_gmt":"2018-10-09T11:23:59","slug":"zenith-h15-para-angiografia","status":"publish","type":"product","link":"https:\/\/limagesrl.com.ar\/index.php\/producto\/zenith-h15-para-angiografia\/","title":{"rendered":"Zenith H15 para Angiograf\u00eda"},"content":{"rendered":"","protected":false},"excerpt":{"rendered":"<p>El inyector de medios de contraste Zenith-H15, est\u00e1 especialmente dise\u00f1ado para el uso del medio de contraste en estudios de diagn\u00f3stico angiogr\u00e1fico. El l\u00edmite de presi\u00f3n es de 1200 psi.<br \/>\n<a class=\"maxbutton-1 maxbutton maxbutton-desfri\" target=\"_blank\" rel=\"noopener\" href=\"http:\/\/limagesrl.com.ar\/wp-content\/uploads\/2018\/10\/Inyectoras-Seacrown-.jpg\"><span class='mb-text'>Ficha T\u00e9cnica<\/span><\/a><\/p>\n","protected":false},"featured_media":1149,"comment_status":"closed","ping_status":"closed","template":"","meta":[],"yoast_head":"<!-- This site is optimized with the Yoast SEO plugin v14.9 - https:\/\/yoast.com\/wordpress\/plugins\/seo\/ -->\n<title>Zenith H15 para Angiograf\u00eda | Limage S.R.L<\/title>\n<meta name=\"robots\" content=\"index, follow, max-snippet:-1, max-image-preview:large, max-video-preview:-1\" \/>\n<link rel=\"canonical\" href=\"http:\/\/limagesrl.com.ar\/index.php\/producto\/zenith-h15-para-angiografia\/\" \/>\n<meta property=\"og:locale\" content=\"es_ES\" \/>\n<meta property=\"og:type\" content=\"article\" \/>\n<meta property=\"og:title\" content=\"Zenith H15 para Angiograf\u00eda | Limage S.R.L\" \/>\n<meta property=\"og:description\" content=\"El inyector de medios de contraste Zenith-H15, est\u00e1 especialmente dise\u00f1ado para el uso del medio de contraste en estudios de diagn\u00f3stico angiogr\u00e1fico. El l\u00edmite de presi\u00f3n es de 1200 psi.\" \/>\n<meta property=\"og:url\" content=\"http:\/\/limagesrl.com.ar\/index.php\/producto\/zenith-h15-para-angiografia\/\" \/>\n<meta property=\"og:site_name\" content=\"Limage S.R.L\" \/>\n<meta property=\"article:modified_time\" content=\"2018-10-09T11:23:59+00:00\" \/>\n<meta property=\"og:image\" content=\"https:\/\/limagesrl.com.ar\/wp-content\/uploads\/2018\/08\/image003-1-1_0000_image003-1.jpg\" \/>\n\t<meta property=\"og:image:width\" content=\"311\" \/>\n\t<meta property=\"og:image:height\" content=\"342\" \/>\n<meta name=\"twitter:card\" content=\"summary_large_image\" \/>\n<script type=\"application\/ld+json\" class=\"yoast-schema-graph\">{\"@context\":\"https:\/\/schema.org\",\"@graph\":[{\"@type\":\"WebSite\",\"@id\":\"https:\/\/limagesrl.com.ar\/#website\",\"url\":\"https:\/\/limagesrl.com.ar\/\",\"name\":\"Limage S.R.L\",\"description\":\"Tecnologia Medica\",\"potentialAction\":[{\"@type\":\"SearchAction\",\"target\":\"https:\/\/limagesrl.com.ar\/?s={search_term_string}\",\"query-input\":\"required name=search_term_string\"}],\"inLanguage\":\"es-AR\"},{\"@type\":\"ImageObject\",\"@id\":\"http:\/\/limagesrl.com.ar\/index.php\/producto\/zenith-h15-para-angiografia\/#primaryimage\",\"inLanguage\":\"es-AR\",\"url\":\"https:\/\/limagesrl.com.ar\/wp-content\/uploads\/2018\/08\/image003-1-1_0000_image003-1.jpg\",\"width\":311,\"height\":342},{\"@type\":\"WebPage\",\"@id\":\"http:\/\/limagesrl.com.ar\/index.php\/producto\/zenith-h15-para-angiografia\/#webpage\",\"url\":\"http:\/\/limagesrl.com.ar\/index.php\/producto\/zenith-h15-para-angiografia\/\",\"name\":\"Zenith H15 para Angiograf\\u00eda | Limage S.R.L\",\"isPartOf\":{\"@id\":\"https:\/\/limagesrl.com.ar\/#website\"},\"primaryImageOfPage\":{\"@id\":\"http:\/\/limagesrl.com.ar\/index.php\/producto\/zenith-h15-para-angiografia\/#primaryimage\"},\"datePublished\":\"2018-08-01T22:00:42+00:00\",\"dateModified\":\"2018-10-09T11:23:59+00:00\",\"inLanguage\":\"es-AR\",\"potentialAction\":[{\"@type\":\"ReadAction\",\"target\":[\"http:\/\/limagesrl.com.ar\/index.php\/producto\/zenith-h15-para-angiografia\/\"]}]}]}<\/script>\n<!-- \/ Yoast SEO plugin. -->","amp_enabled":true,"_links":{"self":[{"href":"https:\/\/limagesrl.com.ar\/index.php\/wp-json\/wp\/v2\/product\/835"}],"collection":[{"href":"https:\/\/limagesrl.com.ar\/index.php\/wp-json\/wp\/v2\/product"}],"about":[{"href":"https:\/\/limagesrl.com.ar\/index.php\/wp-json\/wp\/v2\/types\/product"}],"replies":[{"embeddable":true,"href":"https:\/\/limagesrl.com.ar\/index.php\/wp-json\/wp\/v2\/comments?post=835"}],"wp:featuredmedia":[{"embeddable":true,"href":"https:\/\/limagesrl.com.ar\/index.php\/wp-json\/wp\/v2\/media\/1149"}],"wp:attachment":[{"href":"https:\/\/limagesrl.com.ar\/index.php\/wp-json\/wp\/v2\/media?parent=835"}],"curies":[{"name":"wp","href":"https:\/\/api.w.org\/{rel}","templated":true}]}}