{"id":836,"date":"2018-08-01T19:01:27","date_gmt":"2018-08-01T22:01:27","guid":{"rendered":"http:\/\/limagesrl.com.ar\/?post_type=product&#038;p=836"},"modified":"2018-10-09T08:23:54","modified_gmt":"2018-10-09T11:23:54","slug":"zenith-c20-para-tomografia","status":"publish","type":"product","link":"https:\/\/limagesrl.com.ar\/index.php\/producto\/zenith-c20-para-tomografia\/","title":{"rendered":"Zenith C20 para Tomograf\u00eda"},"content":{"rendered":"","protected":false},"excerpt":{"rendered":"<p>Bomba Inyectora de Tomografia para inyecci\u00f3n de contraste con base autom\u00e1tica, avance autom\u00e1tico y retroceso autom\u00e1tico, Carga manual de la jeringa , pantalla touch screen para manejo a distancia, Bloqueo del protocolo, Retardo del escaneo, Almacenamiento y recuperaci\u00f3n de protocolos, Duraci\u00f3n por fase, Indicador de tiempo de inyecci\u00f3n transcurrido, verificaci\u00f3n remota de aire, Inicio remoto, Inyecci\u00f3n de prueba, L\u00edmite de presi\u00f3n seleccionable.<br \/>\n<a class=\"maxbutton-1 maxbutton maxbutton-desfri\" target=\"_blank\" rel=\"noopener\" href=\"http:\/\/limagesrl.com.ar\/wp-content\/uploads\/2018\/10\/Inyectoras-Seacrown-.jpg\"><span class='mb-text'>Ficha T\u00e9cnica<\/span><\/a><\/p>\n","protected":false},"featured_media":1150,"comment_status":"closed","ping_status":"closed","template":"","meta":[],"yoast_head":"<!-- This site is optimized with the Yoast SEO plugin v14.9 - https:\/\/yoast.com\/wordpress\/plugins\/seo\/ -->\n<title>Zenith C20 para Tomograf\u00eda | Limage S.R.L<\/title>\n<meta name=\"robots\" content=\"index, follow, max-snippet:-1, max-image-preview:large, max-video-preview:-1\" \/>\n<link rel=\"canonical\" href=\"http:\/\/limagesrl.com.ar\/index.php\/producto\/zenith-c20-para-tomografia\/\" \/>\n<meta property=\"og:locale\" content=\"es_ES\" \/>\n<meta property=\"og:type\" content=\"article\" \/>\n<meta property=\"og:title\" content=\"Zenith C20 para Tomograf\u00eda | Limage S.R.L\" \/>\n<meta property=\"og:description\" content=\"Bomba Inyectora de Tomografia para inyecci\u00f3n de contraste con base autom\u00e1tica, avance autom\u00e1tico y retroceso autom\u00e1tico, Carga manual de la jeringa , pantalla touch screen para manejo a distancia, Bloqueo del protocolo, Retardo del escaneo, Almacenamiento y recuperaci\u00f3n de protocolos, Duraci\u00f3n por fase, Indicador de tiempo de inyecci\u00f3n transcurrido, verificaci\u00f3n remota de aire, Inicio remoto, Inyecci\u00f3n de prueba, L\u00edmite de presi\u00f3n seleccionable.\" \/>\n<meta property=\"og:url\" content=\"http:\/\/limagesrl.com.ar\/index.php\/producto\/zenith-c20-para-tomografia\/\" \/>\n<meta property=\"og:site_name\" content=\"Limage S.R.L\" \/>\n<meta property=\"article:modified_time\" content=\"2018-10-09T11:23:54+00:00\" \/>\n<meta property=\"og:image\" content=\"https:\/\/limagesrl.com.ar\/wp-content\/uploads\/2018\/08\/image003-1-1_0001_image001.jpg\" \/>\n\t<meta property=\"og:image:width\" content=\"311\" \/>\n\t<meta property=\"og:image:height\" content=\"342\" \/>\n<meta name=\"twitter:card\" content=\"summary_large_image\" \/>\n<script type=\"application\/ld+json\" class=\"yoast-schema-graph\">{\"@context\":\"https:\/\/schema.org\",\"@graph\":[{\"@type\":\"WebSite\",\"@id\":\"https:\/\/limagesrl.com.ar\/#website\",\"url\":\"https:\/\/limagesrl.com.ar\/\",\"name\":\"Limage S.R.L\",\"description\":\"Tecnologia Medica\",\"potentialAction\":[{\"@type\":\"SearchAction\",\"target\":\"https:\/\/limagesrl.com.ar\/?s={search_term_string}\",\"query-input\":\"required name=search_term_string\"}],\"inLanguage\":\"es-AR\"},{\"@type\":\"ImageObject\",\"@id\":\"http:\/\/limagesrl.com.ar\/index.php\/producto\/zenith-c20-para-tomografia\/#primaryimage\",\"inLanguage\":\"es-AR\",\"url\":\"https:\/\/limagesrl.com.ar\/wp-content\/uploads\/2018\/08\/image003-1-1_0001_image001.jpg\",\"width\":311,\"height\":342},{\"@type\":\"WebPage\",\"@id\":\"http:\/\/limagesrl.com.ar\/index.php\/producto\/zenith-c20-para-tomografia\/#webpage\",\"url\":\"http:\/\/limagesrl.com.ar\/index.php\/producto\/zenith-c20-para-tomografia\/\",\"name\":\"Zenith C20 para Tomograf\\u00eda | Limage S.R.L\",\"isPartOf\":{\"@id\":\"https:\/\/limagesrl.com.ar\/#website\"},\"primaryImageOfPage\":{\"@id\":\"http:\/\/limagesrl.com.ar\/index.php\/producto\/zenith-c20-para-tomografia\/#primaryimage\"},\"datePublished\":\"2018-08-01T22:01:27+00:00\",\"dateModified\":\"2018-10-09T11:23:54+00:00\",\"inLanguage\":\"es-AR\",\"potentialAction\":[{\"@type\":\"ReadAction\",\"target\":[\"http:\/\/limagesrl.com.ar\/index.php\/producto\/zenith-c20-para-tomografia\/\"]}]}]}<\/script>\n<!-- \/ Yoast SEO plugin. -->","amp_enabled":true,"_links":{"self":[{"href":"https:\/\/limagesrl.com.ar\/index.php\/wp-json\/wp\/v2\/product\/836"}],"collection":[{"href":"https:\/\/limagesrl.com.ar\/index.php\/wp-json\/wp\/v2\/product"}],"about":[{"href":"https:\/\/limagesrl.com.ar\/index.php\/wp-json\/wp\/v2\/types\/product"}],"replies":[{"embeddable":true,"href":"https:\/\/limagesrl.com.ar\/index.php\/wp-json\/wp\/v2\/comments?post=836"}],"wp:featuredmedia":[{"embeddable":true,"href":"https:\/\/limagesrl.com.ar\/index.php\/wp-json\/wp\/v2\/media\/1150"}],"wp:attachment":[{"href":"https:\/\/limagesrl.com.ar\/index.php\/wp-json\/wp\/v2\/media?parent=836"}],"curies":[{"name":"wp","href":"https:\/\/api.w.org\/{rel}","templated":true}]}}