{"id":837,"date":"2018-08-01T19:02:25","date_gmt":"2018-08-01T22:02:25","guid":{"rendered":"http:\/\/limagesrl.com.ar\/?post_type=product&#038;p=837"},"modified":"2018-10-09T08:23:50","modified_gmt":"2018-10-09T11:23:50","slug":"zenith-c-60-para-rm","status":"publish","type":"product","link":"https:\/\/limagesrl.com.ar\/index.php\/producto\/zenith-c-60-para-rm\/","title":{"rendered":"Zenith C-60 para RM"},"content":{"rendered":"","protected":false},"excerpt":{"rendered":"<p>Especialmente dise\u00f1ado para proporcionar un medio de contraste y una soluci\u00f3n salina en equipos de resonancia magn\u00e9tica. Puede funcionar adecuadamente en el entorno de un fuerte campo magn\u00e9tico y no produce ninguna interferencia en las im\u00e1genes. Su m\u00e1ximo caudal es 10 ml\/s. Un protocolo de inyecci\u00f3n permite la configuraci\u00f3n de un m\u00e1ximo de seis fases. El l\u00edmite de presi\u00f3n se configura a 300 psi en f\u00e1brica. El sistema puede almacenar un m\u00e1ximo de 100 protocolos de inyecci\u00f3n.<br \/>\n<a class=\"maxbutton-1 maxbutton maxbutton-desfri\" target=\"_blank\" rel=\"noopener\" href=\"http:\/\/limagesrl.com.ar\/wp-content\/uploads\/2018\/10\/Inyectoras-Seacrown-.jpg\"><span class='mb-text'>Ficha T\u00e9cnica<\/span><\/a><\/p>\n","protected":false},"featured_media":1033,"comment_status":"closed","ping_status":"closed","template":"","meta":[],"yoast_head":"<!-- This site is optimized with the Yoast SEO plugin v14.9 - https:\/\/yoast.com\/wordpress\/plugins\/seo\/ -->\n<title>Zenith C-60 para RM | Limage S.R.L<\/title>\n<meta name=\"robots\" content=\"index, follow, max-snippet:-1, max-image-preview:large, max-video-preview:-1\" \/>\n<link rel=\"canonical\" href=\"http:\/\/limagesrl.com.ar\/index.php\/producto\/zenith-c-60-para-rm\/\" \/>\n<meta property=\"og:locale\" content=\"es_ES\" \/>\n<meta property=\"og:type\" content=\"article\" \/>\n<meta property=\"og:title\" content=\"Zenith C-60 para RM | Limage S.R.L\" \/>\n<meta property=\"og:description\" content=\"Especialmente dise\u00f1ado para proporcionar un medio de contraste y una soluci\u00f3n salina en equipos de resonancia magn\u00e9tica. Puede funcionar adecuadamente en el entorno de un fuerte campo magn\u00e9tico y no produce ninguna interferencia en las im\u00e1genes. Su m\u00e1ximo caudal es 10 ml\/s. Un protocolo de inyecci\u00f3n permite la configuraci\u00f3n de un m\u00e1ximo de seis fases. El l\u00edmite de presi\u00f3n se configura a 300 psi en f\u00e1brica. El sistema puede almacenar un m\u00e1ximo de 100 protocolos de inyecci\u00f3n.\" \/>\n<meta property=\"og:url\" content=\"http:\/\/limagesrl.com.ar\/index.php\/producto\/zenith-c-60-para-rm\/\" \/>\n<meta property=\"og:site_name\" content=\"Limage S.R.L\" \/>\n<meta property=\"article:modified_time\" content=\"2018-10-09T11:23:50+00:00\" \/>\n<meta property=\"og:image\" content=\"https:\/\/limagesrl.com.ar\/wp-content\/uploads\/2018\/08\/image003-1-1.png\" \/>\n\t<meta property=\"og:image:width\" content=\"311\" \/>\n\t<meta property=\"og:image:height\" content=\"342\" \/>\n<meta name=\"twitter:card\" content=\"summary_large_image\" \/>\n<script type=\"application\/ld+json\" class=\"yoast-schema-graph\">{\"@context\":\"https:\/\/schema.org\",\"@graph\":[{\"@type\":\"WebSite\",\"@id\":\"https:\/\/limagesrl.com.ar\/#website\",\"url\":\"https:\/\/limagesrl.com.ar\/\",\"name\":\"Limage S.R.L\",\"description\":\"Tecnologia Medica\",\"potentialAction\":[{\"@type\":\"SearchAction\",\"target\":\"https:\/\/limagesrl.com.ar\/?s={search_term_string}\",\"query-input\":\"required name=search_term_string\"}],\"inLanguage\":\"es-AR\"},{\"@type\":\"ImageObject\",\"@id\":\"http:\/\/limagesrl.com.ar\/index.php\/producto\/zenith-c-60-para-rm\/#primaryimage\",\"inLanguage\":\"es-AR\",\"url\":\"https:\/\/limagesrl.com.ar\/wp-content\/uploads\/2018\/08\/image003-1-1.png\",\"width\":311,\"height\":342},{\"@type\":\"WebPage\",\"@id\":\"http:\/\/limagesrl.com.ar\/index.php\/producto\/zenith-c-60-para-rm\/#webpage\",\"url\":\"http:\/\/limagesrl.com.ar\/index.php\/producto\/zenith-c-60-para-rm\/\",\"name\":\"Zenith C-60 para RM | Limage S.R.L\",\"isPartOf\":{\"@id\":\"https:\/\/limagesrl.com.ar\/#website\"},\"primaryImageOfPage\":{\"@id\":\"http:\/\/limagesrl.com.ar\/index.php\/producto\/zenith-c-60-para-rm\/#primaryimage\"},\"datePublished\":\"2018-08-01T22:02:25+00:00\",\"dateModified\":\"2018-10-09T11:23:50+00:00\",\"inLanguage\":\"es-AR\",\"potentialAction\":[{\"@type\":\"ReadAction\",\"target\":[\"http:\/\/limagesrl.com.ar\/index.php\/producto\/zenith-c-60-para-rm\/\"]}]}]}<\/script>\n<!-- \/ Yoast SEO plugin. -->","amp_enabled":true,"_links":{"self":[{"href":"https:\/\/limagesrl.com.ar\/index.php\/wp-json\/wp\/v2\/product\/837"}],"collection":[{"href":"https:\/\/limagesrl.com.ar\/index.php\/wp-json\/wp\/v2\/product"}],"about":[{"href":"https:\/\/limagesrl.com.ar\/index.php\/wp-json\/wp\/v2\/types\/product"}],"replies":[{"embeddable":true,"href":"https:\/\/limagesrl.com.ar\/index.php\/wp-json\/wp\/v2\/comments?post=837"}],"wp:featuredmedia":[{"embeddable":true,"href":"https:\/\/limagesrl.com.ar\/index.php\/wp-json\/wp\/v2\/media\/1033"}],"wp:attachment":[{"href":"https:\/\/limagesrl.com.ar\/index.php\/wp-json\/wp\/v2\/media?parent=837"}],"curies":[{"name":"wp","href":"https:\/\/api.w.org\/{rel}","templated":true}]}}