{"id":838,"date":"2018-08-01T19:03:59","date_gmt":"2018-08-01T22:03:59","guid":{"rendered":"http:\/\/limagesrl.com.ar\/?post_type=product&#038;p=838"},"modified":"2018-10-09T13:04:13","modified_gmt":"2018-10-09T16:04:13","slug":"cms-50d","status":"publish","type":"product","link":"https:\/\/limagesrl.com.ar\/index.php\/producto\/cms-50d\/","title":{"rendered":"CMS 50D"},"content":{"rendered":"","protected":false},"excerpt":{"rendered":"<p>Ox\u00edmetro de pulso peque\u00f1o, consume poca energ\u00eda, es f\u00e1cil de usar y transportar. Solo necesita colocar el dedo dentro del sensor del dispositivo y el valor de SpO2 aparecer\u00e1 en la pantalla inmediatamente. En la pr\u00e1ctica cl\u00ednica, la tolerancia de error es menor a \u00b12% en el rango de 70% a 100%. Posee curva plestimografica.<\/p>\n<a class=\"maxbutton-1 maxbutton maxbutton-desfri\" target=\"_blank\" rel=\"noopener\" href=\"http:\/\/limagesrl.com.ar\/wp-content\/uploads\/2018\/10\/Oximetros-Contec-1.jpg\"><span class='mb-text'>Ficha T\u00e9cnica<\/span><\/a>\n","protected":false},"featured_media":919,"comment_status":"closed","ping_status":"closed","template":"","meta":[],"yoast_head":"<!-- This site is optimized with the Yoast SEO plugin v14.9 - https:\/\/yoast.com\/wordpress\/plugins\/seo\/ -->\n<title>CMS 50D | Limage S.R.L<\/title>\n<meta name=\"robots\" content=\"index, follow, max-snippet:-1, max-image-preview:large, max-video-preview:-1\" \/>\n<link rel=\"canonical\" href=\"http:\/\/limagesrl.com.ar\/index.php\/producto\/cms-50d\/\" \/>\n<meta property=\"og:locale\" content=\"es_ES\" \/>\n<meta property=\"og:type\" content=\"article\" \/>\n<meta property=\"og:title\" content=\"CMS 50D | Limage S.R.L\" \/>\n<meta property=\"og:description\" content=\"Ox\u00edmetro de pulso peque\u00f1o, consume poca energ\u00eda, es f\u00e1cil de usar y transportar. Solo necesita colocar el dedo dentro del sensor del dispositivo y el valor de SpO2 aparecer\u00e1 en la pantalla inmediatamente. En la pr\u00e1ctica cl\u00ednica, la tolerancia de error es menor a \u00b12% en el rango de 70% a 100%. Posee curva plestimografica.\" \/>\n<meta property=\"og:url\" content=\"http:\/\/limagesrl.com.ar\/index.php\/producto\/cms-50d\/\" \/>\n<meta property=\"og:site_name\" content=\"Limage S.R.L\" \/>\n<meta property=\"article:modified_time\" content=\"2018-10-09T16:04:13+00:00\" \/>\n<meta property=\"og:image\" content=\"https:\/\/limagesrl.com.ar\/wp-content\/uploads\/2018\/08\/IMG_3434.jpg\" \/>\n\t<meta property=\"og:image:width\" content=\"2738\" \/>\n\t<meta property=\"og:image:height\" content=\"1825\" \/>\n<meta name=\"twitter:card\" content=\"summary_large_image\" \/>\n<script type=\"application\/ld+json\" class=\"yoast-schema-graph\">{\"@context\":\"https:\/\/schema.org\",\"@graph\":[{\"@type\":\"WebSite\",\"@id\":\"https:\/\/limagesrl.com.ar\/#website\",\"url\":\"https:\/\/limagesrl.com.ar\/\",\"name\":\"Limage S.R.L\",\"description\":\"Tecnologia Medica\",\"potentialAction\":[{\"@type\":\"SearchAction\",\"target\":\"https:\/\/limagesrl.com.ar\/?s={search_term_string}\",\"query-input\":\"required name=search_term_string\"}],\"inLanguage\":\"es-AR\"},{\"@type\":\"ImageObject\",\"@id\":\"http:\/\/limagesrl.com.ar\/index.php\/producto\/cms-50d\/#primaryimage\",\"inLanguage\":\"es-AR\",\"url\":\"https:\/\/limagesrl.com.ar\/wp-content\/uploads\/2018\/08\/IMG_3434.jpg\",\"width\":2738,\"height\":1825},{\"@type\":\"WebPage\",\"@id\":\"http:\/\/limagesrl.com.ar\/index.php\/producto\/cms-50d\/#webpage\",\"url\":\"http:\/\/limagesrl.com.ar\/index.php\/producto\/cms-50d\/\",\"name\":\"CMS 50D | Limage S.R.L\",\"isPartOf\":{\"@id\":\"https:\/\/limagesrl.com.ar\/#website\"},\"primaryImageOfPage\":{\"@id\":\"http:\/\/limagesrl.com.ar\/index.php\/producto\/cms-50d\/#primaryimage\"},\"datePublished\":\"2018-08-01T22:03:59+00:00\",\"dateModified\":\"2018-10-09T16:04:13+00:00\",\"inLanguage\":\"es-AR\",\"potentialAction\":[{\"@type\":\"ReadAction\",\"target\":[\"http:\/\/limagesrl.com.ar\/index.php\/producto\/cms-50d\/\"]}]}]}<\/script>\n<!-- \/ Yoast SEO plugin. -->","amp_enabled":true,"_links":{"self":[{"href":"https:\/\/limagesrl.com.ar\/index.php\/wp-json\/wp\/v2\/product\/838"}],"collection":[{"href":"https:\/\/limagesrl.com.ar\/index.php\/wp-json\/wp\/v2\/product"}],"about":[{"href":"https:\/\/limagesrl.com.ar\/index.php\/wp-json\/wp\/v2\/types\/product"}],"replies":[{"embeddable":true,"href":"https:\/\/limagesrl.com.ar\/index.php\/wp-json\/wp\/v2\/comments?post=838"}],"wp:featuredmedia":[{"embeddable":true,"href":"https:\/\/limagesrl.com.ar\/index.php\/wp-json\/wp\/v2\/media\/919"}],"wp:attachment":[{"href":"https:\/\/limagesrl.com.ar\/index.php\/wp-json\/wp\/v2\/media?parent=838"}],"curies":[{"name":"wp","href":"https:\/\/api.w.org\/{rel}","templated":true}]}}