{"id":840,"date":"2018-08-01T19:06:03","date_gmt":"2018-08-01T22:06:03","guid":{"rendered":"http:\/\/limagesrl.com.ar\/?post_type=product&#038;p=840"},"modified":"2018-10-09T13:03:31","modified_gmt":"2018-10-09T16:03:31","slug":"cms-50e","status":"publish","type":"product","link":"https:\/\/limagesrl.com.ar\/index.php\/producto\/cms-50e\/","title":{"rendered":"CMS 50E"},"content":{"rendered":"","protected":false},"excerpt":{"rendered":"<p>Ox\u00edmetro de pulso color TFT es peque\u00f1o, port\u00e1til, f\u00e1cil de operar y consume poca energ\u00eda. El paciente solo debe colocar uno de sus dedos en el sensor fotoel\u00e9ctrico y la pantalla mostrara directamente el valor medido de saturaci\u00f3n de hemoglobina.<\/p>\n<a class=\"maxbutton-1 maxbutton maxbutton-desfri\" target=\"_blank\" rel=\"noopener\" href=\"http:\/\/limagesrl.com.ar\/wp-content\/uploads\/2018\/10\/Oximetros-Contec-1.jpg\"><span class='mb-text'>Ficha T\u00e9cnica<\/span><\/a>\n","protected":false},"featured_media":965,"comment_status":"closed","ping_status":"closed","template":"","meta":[],"yoast_head":"<!-- This site is optimized with the Yoast SEO plugin v14.9 - https:\/\/yoast.com\/wordpress\/plugins\/seo\/ -->\n<title>CMS 50E | Limage S.R.L<\/title>\n<meta name=\"robots\" content=\"index, follow, max-snippet:-1, max-image-preview:large, max-video-preview:-1\" \/>\n<link rel=\"canonical\" href=\"http:\/\/limagesrl.com.ar\/index.php\/producto\/cms-50e\/\" \/>\n<meta property=\"og:locale\" content=\"es_ES\" \/>\n<meta property=\"og:type\" content=\"article\" \/>\n<meta property=\"og:title\" content=\"CMS 50E | Limage S.R.L\" \/>\n<meta property=\"og:description\" content=\"Ox\u00edmetro de pulso color TFT es peque\u00f1o, port\u00e1til, f\u00e1cil de operar y consume poca energ\u00eda. El paciente solo debe colocar uno de sus dedos en el sensor fotoel\u00e9ctrico y la pantalla mostrara directamente el valor medido de saturaci\u00f3n de hemoglobina.\" \/>\n<meta property=\"og:url\" content=\"http:\/\/limagesrl.com.ar\/index.php\/producto\/cms-50e\/\" \/>\n<meta property=\"og:site_name\" content=\"Limage S.R.L\" \/>\n<meta property=\"article:modified_time\" content=\"2018-10-09T16:03:31+00:00\" \/>\n<meta property=\"og:image\" content=\"https:\/\/limagesrl.com.ar\/wp-content\/uploads\/2018\/08\/IMG_1619.jpg\" \/>\n\t<meta property=\"og:image:width\" content=\"4869\" \/>\n\t<meta property=\"og:image:height\" content=\"3243\" \/>\n<meta name=\"twitter:card\" content=\"summary_large_image\" \/>\n<script type=\"application\/ld+json\" class=\"yoast-schema-graph\">{\"@context\":\"https:\/\/schema.org\",\"@graph\":[{\"@type\":\"WebSite\",\"@id\":\"https:\/\/limagesrl.com.ar\/#website\",\"url\":\"https:\/\/limagesrl.com.ar\/\",\"name\":\"Limage S.R.L\",\"description\":\"Tecnologia Medica\",\"potentialAction\":[{\"@type\":\"SearchAction\",\"target\":\"https:\/\/limagesrl.com.ar\/?s={search_term_string}\",\"query-input\":\"required name=search_term_string\"}],\"inLanguage\":\"es-AR\"},{\"@type\":\"ImageObject\",\"@id\":\"http:\/\/limagesrl.com.ar\/index.php\/producto\/cms-50e\/#primaryimage\",\"inLanguage\":\"es-AR\",\"url\":\"https:\/\/limagesrl.com.ar\/wp-content\/uploads\/2018\/08\/IMG_1619.jpg\",\"width\":4869,\"height\":3243},{\"@type\":\"WebPage\",\"@id\":\"http:\/\/limagesrl.com.ar\/index.php\/producto\/cms-50e\/#webpage\",\"url\":\"http:\/\/limagesrl.com.ar\/index.php\/producto\/cms-50e\/\",\"name\":\"CMS 50E | Limage S.R.L\",\"isPartOf\":{\"@id\":\"https:\/\/limagesrl.com.ar\/#website\"},\"primaryImageOfPage\":{\"@id\":\"http:\/\/limagesrl.com.ar\/index.php\/producto\/cms-50e\/#primaryimage\"},\"datePublished\":\"2018-08-01T22:06:03+00:00\",\"dateModified\":\"2018-10-09T16:03:31+00:00\",\"inLanguage\":\"es-AR\",\"potentialAction\":[{\"@type\":\"ReadAction\",\"target\":[\"http:\/\/limagesrl.com.ar\/index.php\/producto\/cms-50e\/\"]}]}]}<\/script>\n<!-- \/ Yoast SEO plugin. -->","amp_enabled":true,"_links":{"self":[{"href":"https:\/\/limagesrl.com.ar\/index.php\/wp-json\/wp\/v2\/product\/840"}],"collection":[{"href":"https:\/\/limagesrl.com.ar\/index.php\/wp-json\/wp\/v2\/product"}],"about":[{"href":"https:\/\/limagesrl.com.ar\/index.php\/wp-json\/wp\/v2\/types\/product"}],"replies":[{"embeddable":true,"href":"https:\/\/limagesrl.com.ar\/index.php\/wp-json\/wp\/v2\/comments?post=840"}],"wp:featuredmedia":[{"embeddable":true,"href":"https:\/\/limagesrl.com.ar\/index.php\/wp-json\/wp\/v2\/media\/965"}],"wp:attachment":[{"href":"https:\/\/limagesrl.com.ar\/index.php\/wp-json\/wp\/v2\/media?parent=840"}],"curies":[{"name":"wp","href":"https:\/\/api.w.org\/{rel}","templated":true}]}}