{"id":858,"date":"2018-08-16T17:42:28","date_gmt":"2018-08-16T20:42:28","guid":{"rendered":"http:\/\/limagesrl.com.ar\/?post_type=product&#038;p=858"},"modified":"2018-10-08T11:02:55","modified_gmt":"2018-10-08T14:02:55","slug":"mesa-de-anestesia-am852","status":"publish","type":"product","link":"https:\/\/limagesrl.com.ar\/index.php\/producto\/mesa-de-anestesia-am852\/","title":{"rendered":"AM852"},"content":{"rendered":"","protected":false},"excerpt":{"rendered":"<p>Mesa de anestesia con control neum\u00e1tico que se utiliza para manejar y controlar la respiraci\u00f3n y anestesia de un solo paciente durante la cirug\u00eda . Es apropiada tanto para adultos como para pedi\u00e1tricos (m\u00e1s de 5 kg). Esta m\u00e1quina de anestesia proporciona concentraciones y caudales controlados de gas anest\u00e9sico al sistema respiratorio del paciente (la concentraci\u00f3n de ox\u00edgeno no es menor a 21 %) as\u00ed como tambi\u00e9n un apoyo respiratorio.<br \/>\n<a class=\"maxbutton-1 maxbutton maxbutton-desfri\" target=\"_blank\" rel=\"noopener\" href=\"http:\/\/limagesrl.com.ar\/wp-content\/uploads\/2018\/08\/MESA-DE-ANESTESIA.pdf\"><span class='mb-text'>Ficha T\u00e9cnica<\/span><\/a><\/p>\n","protected":false},"featured_media":1143,"comment_status":"closed","ping_status":"closed","template":"","meta":[],"yoast_head":"<!-- This site is optimized with the Yoast SEO plugin v14.9 - https:\/\/yoast.com\/wordpress\/plugins\/seo\/ -->\n<title>AM852 | Limage S.R.L<\/title>\n<meta name=\"robots\" content=\"index, follow, max-snippet:-1, max-image-preview:large, max-video-preview:-1\" \/>\n<link rel=\"canonical\" href=\"http:\/\/limagesrl.com.ar\/index.php\/producto\/mesa-de-anestesia-am852\/\" \/>\n<meta property=\"og:locale\" content=\"es_ES\" \/>\n<meta property=\"og:type\" content=\"article\" \/>\n<meta property=\"og:title\" content=\"AM852 | Limage S.R.L\" \/>\n<meta property=\"og:description\" content=\"Mesa de anestesia con control neum\u00e1tico que se utiliza para manejar y controlar la respiraci\u00f3n y anestesia de un solo paciente durante la cirug\u00eda . Es apropiada tanto para adultos como para pedi\u00e1tricos (m\u00e1s de 5 kg). Esta m\u00e1quina de anestesia proporciona concentraciones y caudales controlados de gas anest\u00e9sico al sistema respiratorio del paciente (la concentraci\u00f3n de ox\u00edgeno no es menor a 21 %) as\u00ed como tambi\u00e9n un apoyo respiratorio.\" \/>\n<meta property=\"og:url\" content=\"http:\/\/limagesrl.com.ar\/index.php\/producto\/mesa-de-anestesia-am852\/\" \/>\n<meta property=\"og:site_name\" content=\"Limage S.R.L\" \/>\n<meta property=\"article:modified_time\" content=\"2018-10-08T14:02:55+00:00\" \/>\n<meta property=\"og:image\" content=\"https:\/\/limagesrl.com.ar\/wp-content\/uploads\/2018\/08\/0003_AM852_AlphaLow.jpg\" \/>\n\t<meta property=\"og:image:width\" content=\"1024\" \/>\n\t<meta property=\"og:image:height\" content=\"683\" \/>\n<meta name=\"twitter:card\" content=\"summary_large_image\" \/>\n<script type=\"application\/ld+json\" class=\"yoast-schema-graph\">{\"@context\":\"https:\/\/schema.org\",\"@graph\":[{\"@type\":\"WebSite\",\"@id\":\"https:\/\/limagesrl.com.ar\/#website\",\"url\":\"https:\/\/limagesrl.com.ar\/\",\"name\":\"Limage S.R.L\",\"description\":\"Tecnologia Medica\",\"potentialAction\":[{\"@type\":\"SearchAction\",\"target\":\"https:\/\/limagesrl.com.ar\/?s={search_term_string}\",\"query-input\":\"required name=search_term_string\"}],\"inLanguage\":\"es-AR\"},{\"@type\":\"ImageObject\",\"@id\":\"http:\/\/limagesrl.com.ar\/index.php\/producto\/mesa-de-anestesia-am852\/#primaryimage\",\"inLanguage\":\"es-AR\",\"url\":\"https:\/\/limagesrl.com.ar\/wp-content\/uploads\/2018\/08\/0003_AM852_AlphaLow.jpg\",\"width\":1024,\"height\":683},{\"@type\":\"WebPage\",\"@id\":\"http:\/\/limagesrl.com.ar\/index.php\/producto\/mesa-de-anestesia-am852\/#webpage\",\"url\":\"http:\/\/limagesrl.com.ar\/index.php\/producto\/mesa-de-anestesia-am852\/\",\"name\":\"AM852 | Limage S.R.L\",\"isPartOf\":{\"@id\":\"https:\/\/limagesrl.com.ar\/#website\"},\"primaryImageOfPage\":{\"@id\":\"http:\/\/limagesrl.com.ar\/index.php\/producto\/mesa-de-anestesia-am852\/#primaryimage\"},\"datePublished\":\"2018-08-16T20:42:28+00:00\",\"dateModified\":\"2018-10-08T14:02:55+00:00\",\"inLanguage\":\"es-AR\",\"potentialAction\":[{\"@type\":\"ReadAction\",\"target\":[\"http:\/\/limagesrl.com.ar\/index.php\/producto\/mesa-de-anestesia-am852\/\"]}]}]}<\/script>\n<!-- \/ Yoast SEO plugin. -->","amp_enabled":true,"_links":{"self":[{"href":"https:\/\/limagesrl.com.ar\/index.php\/wp-json\/wp\/v2\/product\/858"}],"collection":[{"href":"https:\/\/limagesrl.com.ar\/index.php\/wp-json\/wp\/v2\/product"}],"about":[{"href":"https:\/\/limagesrl.com.ar\/index.php\/wp-json\/wp\/v2\/types\/product"}],"replies":[{"embeddable":true,"href":"https:\/\/limagesrl.com.ar\/index.php\/wp-json\/wp\/v2\/comments?post=858"}],"wp:featuredmedia":[{"embeddable":true,"href":"https:\/\/limagesrl.com.ar\/index.php\/wp-json\/wp\/v2\/media\/1143"}],"wp:attachment":[{"href":"https:\/\/limagesrl.com.ar\/index.php\/wp-json\/wp\/v2\/media?parent=858"}],"curies":[{"name":"wp","href":"https:\/\/api.w.org\/{rel}","templated":true}]}}