{"id":864,"date":"2018-08-16T17:48:52","date_gmt":"2018-08-16T20:48:52","guid":{"rendered":"http:\/\/limagesrl.com.ar\/?post_type=product&#038;p=864"},"modified":"2020-11-26T18:15:40","modified_gmt":"2020-11-26T18:15:40","slug":"bot-102000-desechable","status":"publish","type":"product","link":"https:\/\/limagesrl.com.ar\/index.php\/producto\/bot-102000-desechable\/","title":{"rendered":"BOT-102000 Descartable"},"content":{"rendered":"","protected":false},"excerpt":{"rendered":"<p>Se utiliza para la anestesia postoperatoria, el tratamiento del dolor cr\u00f3nico, trabajo indoloro y otros tratamientos cl\u00ednicos que necesitan una infusi\u00f3n continua de micro dosificaci\u00f3n<br \/>\nT\u00e9cnica avanzada de control de la infusi\u00f3n con flujo estable.<\/p>\n<a class=\"maxbutton-1 maxbutton maxbutton-desfri\" target=\"_blank\" rel=\"noopener\" href=\"http:\/\/limagesrl.com.ar\/wp-content\/uploads\/2018\/08\/BOMBA-DE-INFUSION-DESCARTABLE.pdf\"><span class='mb-text'>Ficha T\u00e9cnica<\/span><\/a>\n","protected":false},"featured_media":1136,"comment_status":"closed","ping_status":"closed","template":"","meta":[],"yoast_head":"<!-- This site is optimized with the Yoast SEO plugin v14.9 - https:\/\/yoast.com\/wordpress\/plugins\/seo\/ -->\n<title>BOT-102000 Descartable | Limage S.R.L<\/title>\n<meta name=\"robots\" content=\"index, follow, max-snippet:-1, max-image-preview:large, max-video-preview:-1\" \/>\n<link rel=\"canonical\" href=\"http:\/\/limagesrl.com.ar\/index.php\/producto\/bot-102000-desechable\/\" \/>\n<meta property=\"og:locale\" content=\"es_ES\" \/>\n<meta property=\"og:type\" content=\"article\" \/>\n<meta property=\"og:title\" content=\"BOT-102000 Descartable | Limage S.R.L\" \/>\n<meta property=\"og:description\" content=\"Se utiliza para la anestesia postoperatoria, el tratamiento del dolor cr\u00f3nico, trabajo indoloro y otros tratamientos cl\u00ednicos que necesitan una infusi\u00f3n continua de micro dosificaci\u00f3n T\u00e9cnica avanzada de control de la infusi\u00f3n con flujo estable.\" \/>\n<meta property=\"og:url\" content=\"http:\/\/limagesrl.com.ar\/index.php\/producto\/bot-102000-desechable\/\" \/>\n<meta property=\"og:site_name\" content=\"Limage S.R.L\" \/>\n<meta property=\"article:modified_time\" content=\"2020-11-26T18:15:40+00:00\" \/>\n<meta property=\"og:image\" content=\"https:\/\/limagesrl.com.ar\/wp-content\/uploads\/2018\/08\/0007_20180911_111721.jpg\" \/>\n\t<meta property=\"og:image:width\" content=\"475\" \/>\n\t<meta property=\"og:image:height\" content=\"408\" \/>\n<meta name=\"twitter:card\" content=\"summary_large_image\" \/>\n<script type=\"application\/ld+json\" class=\"yoast-schema-graph\">{\"@context\":\"https:\/\/schema.org\",\"@graph\":[{\"@type\":\"WebSite\",\"@id\":\"https:\/\/limagesrl.com.ar\/#website\",\"url\":\"https:\/\/limagesrl.com.ar\/\",\"name\":\"Limage S.R.L\",\"description\":\"Tecnologia Medica\",\"potentialAction\":[{\"@type\":\"SearchAction\",\"target\":\"https:\/\/limagesrl.com.ar\/?s={search_term_string}\",\"query-input\":\"required name=search_term_string\"}],\"inLanguage\":\"es-AR\"},{\"@type\":\"ImageObject\",\"@id\":\"http:\/\/limagesrl.com.ar\/index.php\/producto\/bot-102000-desechable\/#primaryimage\",\"inLanguage\":\"es-AR\",\"url\":\"https:\/\/limagesrl.com.ar\/wp-content\/uploads\/2018\/08\/0007_20180911_111721.jpg\",\"width\":475,\"height\":408},{\"@type\":\"WebPage\",\"@id\":\"http:\/\/limagesrl.com.ar\/index.php\/producto\/bot-102000-desechable\/#webpage\",\"url\":\"http:\/\/limagesrl.com.ar\/index.php\/producto\/bot-102000-desechable\/\",\"name\":\"BOT-102000 Descartable | Limage S.R.L\",\"isPartOf\":{\"@id\":\"https:\/\/limagesrl.com.ar\/#website\"},\"primaryImageOfPage\":{\"@id\":\"http:\/\/limagesrl.com.ar\/index.php\/producto\/bot-102000-desechable\/#primaryimage\"},\"datePublished\":\"2018-08-16T20:48:52+00:00\",\"dateModified\":\"2020-11-26T18:15:40+00:00\",\"inLanguage\":\"es-AR\",\"potentialAction\":[{\"@type\":\"ReadAction\",\"target\":[\"http:\/\/limagesrl.com.ar\/index.php\/producto\/bot-102000-desechable\/\"]}]}]}<\/script>\n<!-- \/ Yoast SEO plugin. -->","amp_enabled":true,"_links":{"self":[{"href":"https:\/\/limagesrl.com.ar\/index.php\/wp-json\/wp\/v2\/product\/864"}],"collection":[{"href":"https:\/\/limagesrl.com.ar\/index.php\/wp-json\/wp\/v2\/product"}],"about":[{"href":"https:\/\/limagesrl.com.ar\/index.php\/wp-json\/wp\/v2\/types\/product"}],"replies":[{"embeddable":true,"href":"https:\/\/limagesrl.com.ar\/index.php\/wp-json\/wp\/v2\/comments?post=864"}],"wp:featuredmedia":[{"embeddable":true,"href":"https:\/\/limagesrl.com.ar\/index.php\/wp-json\/wp\/v2\/media\/1136"}],"wp:attachment":[{"href":"https:\/\/limagesrl.com.ar\/index.php\/wp-json\/wp\/v2\/media?parent=864"}],"curies":[{"name":"wp","href":"https:\/\/api.w.org\/{rel}","templated":true}]}}