{"id":892,"date":"2018-09-04T19:22:39","date_gmt":"2018-09-04T22:22:39","guid":{"rendered":"http:\/\/limagesrl.com.ar\/?post_type=product&#038;p=892"},"modified":"2018-10-09T13:01:32","modified_gmt":"2018-10-09T16:01:32","slug":"cms-50f","status":"publish","type":"product","link":"https:\/\/limagesrl.com.ar\/index.php\/producto\/cms-50f\/","title":{"rendered":"CMS 50F"},"content":{"rendered":"","protected":false},"excerpt":{"rendered":"<p>Ox\u00edmetro de pulso para realizar la medici\u00f3n de la saturaci\u00f3n de ox\u00edgeno de pulso y la frecuencia del pulso a trav\u00e9s del dedo. El producto es apto para ser utilizado en la familia, el hospital, la asistencia sanitaria de la comunidad, cuidado f\u00edsico en el deporte. Se puede utilizar antes o despu\u00e9s de hacer deporte.<\/p>\n<a class=\"maxbutton-1 maxbutton maxbutton-desfri\" target=\"_blank\" rel=\"noopener\" href=\"http:\/\/limagesrl.com.ar\/wp-content\/uploads\/2018\/10\/Oximetros-Contec-1.jpg\"><span class='mb-text'>Ficha T\u00e9cnica<\/span><\/a>\n","protected":false},"featured_media":955,"comment_status":"closed","ping_status":"closed","template":"","meta":[],"yoast_head":"<!-- This site is optimized with the Yoast SEO plugin v14.9 - https:\/\/yoast.com\/wordpress\/plugins\/seo\/ -->\n<title>CMS 50F | Limage S.R.L<\/title>\n<meta name=\"robots\" content=\"index, follow, max-snippet:-1, max-image-preview:large, max-video-preview:-1\" \/>\n<link rel=\"canonical\" href=\"http:\/\/limagesrl.com.ar\/index.php\/producto\/cms-50f\/\" \/>\n<meta property=\"og:locale\" content=\"es_ES\" \/>\n<meta property=\"og:type\" content=\"article\" \/>\n<meta property=\"og:title\" content=\"CMS 50F | Limage S.R.L\" \/>\n<meta property=\"og:description\" content=\"Ox\u00edmetro de pulso para realizar la medici\u00f3n de la saturaci\u00f3n de ox\u00edgeno de pulso y la frecuencia del pulso a trav\u00e9s del dedo. El producto es apto para ser utilizado en la familia, el hospital, la asistencia sanitaria de la comunidad, cuidado f\u00edsico en el deporte. Se puede utilizar antes o despu\u00e9s de hacer deporte.\" \/>\n<meta property=\"og:url\" content=\"http:\/\/limagesrl.com.ar\/index.php\/producto\/cms-50f\/\" \/>\n<meta property=\"og:site_name\" content=\"Limage S.R.L\" \/>\n<meta property=\"article:modified_time\" content=\"2018-10-09T16:01:32+00:00\" \/>\n<meta property=\"og:image\" content=\"https:\/\/limagesrl.com.ar\/wp-content\/uploads\/2018\/09\/IMG_1539.jpg\" \/>\n\t<meta property=\"og:image:width\" content=\"4718\" \/>\n\t<meta property=\"og:image:height\" content=\"3223\" \/>\n<meta name=\"twitter:card\" content=\"summary_large_image\" \/>\n<script type=\"application\/ld+json\" class=\"yoast-schema-graph\">{\"@context\":\"https:\/\/schema.org\",\"@graph\":[{\"@type\":\"WebSite\",\"@id\":\"https:\/\/limagesrl.com.ar\/#website\",\"url\":\"https:\/\/limagesrl.com.ar\/\",\"name\":\"Limage S.R.L\",\"description\":\"Tecnologia Medica\",\"potentialAction\":[{\"@type\":\"SearchAction\",\"target\":\"https:\/\/limagesrl.com.ar\/?s={search_term_string}\",\"query-input\":\"required name=search_term_string\"}],\"inLanguage\":\"es-AR\"},{\"@type\":\"ImageObject\",\"@id\":\"http:\/\/limagesrl.com.ar\/index.php\/producto\/cms-50f\/#primaryimage\",\"inLanguage\":\"es-AR\",\"url\":\"https:\/\/limagesrl.com.ar\/wp-content\/uploads\/2018\/09\/IMG_1539.jpg\",\"width\":4718,\"height\":3223},{\"@type\":\"WebPage\",\"@id\":\"http:\/\/limagesrl.com.ar\/index.php\/producto\/cms-50f\/#webpage\",\"url\":\"http:\/\/limagesrl.com.ar\/index.php\/producto\/cms-50f\/\",\"name\":\"CMS 50F | Limage S.R.L\",\"isPartOf\":{\"@id\":\"https:\/\/limagesrl.com.ar\/#website\"},\"primaryImageOfPage\":{\"@id\":\"http:\/\/limagesrl.com.ar\/index.php\/producto\/cms-50f\/#primaryimage\"},\"datePublished\":\"2018-09-04T22:22:39+00:00\",\"dateModified\":\"2018-10-09T16:01:32+00:00\",\"inLanguage\":\"es-AR\",\"potentialAction\":[{\"@type\":\"ReadAction\",\"target\":[\"http:\/\/limagesrl.com.ar\/index.php\/producto\/cms-50f\/\"]}]}]}<\/script>\n<!-- \/ Yoast SEO plugin. -->","amp_enabled":true,"_links":{"self":[{"href":"https:\/\/limagesrl.com.ar\/index.php\/wp-json\/wp\/v2\/product\/892"}],"collection":[{"href":"https:\/\/limagesrl.com.ar\/index.php\/wp-json\/wp\/v2\/product"}],"about":[{"href":"https:\/\/limagesrl.com.ar\/index.php\/wp-json\/wp\/v2\/types\/product"}],"replies":[{"embeddable":true,"href":"https:\/\/limagesrl.com.ar\/index.php\/wp-json\/wp\/v2\/comments?post=892"}],"wp:featuredmedia":[{"embeddable":true,"href":"https:\/\/limagesrl.com.ar\/index.php\/wp-json\/wp\/v2\/media\/955"}],"wp:attachment":[{"href":"https:\/\/limagesrl.com.ar\/index.php\/wp-json\/wp\/v2\/media?parent=892"}],"curies":[{"name":"wp","href":"https:\/\/api.w.org\/{rel}","templated":true}]}}