{"id":894,"date":"2018-09-04T19:26:51","date_gmt":"2018-09-04T22:26:51","guid":{"rendered":"http:\/\/limagesrl.com.ar\/?post_type=product&#038;p=894"},"modified":"2018-10-08T11:02:52","modified_gmt":"2018-10-08T14:02:52","slug":"modulo-de-presion-invasiva-nombre","status":"publish","type":"product","link":"https:\/\/limagesrl.com.ar\/index.php\/producto\/modulo-de-presion-invasiva-nombre\/","title":{"rendered":"M\u00f3dulo de Presi\u00f3n Invasiva"},"content":{"rendered":"","protected":false},"excerpt":{"rendered":"<p>Este m\u00f3dulo mide la presi\u00f3n arterial directa (SYS, DIA y MAP) de un vaso sangu\u00edneo seleccionado a trav\u00e9s de dos canales, y muestra dos formas de onda de presi\u00f3n arterial mide la presi\u00f3n arterial directa (SYS, DIA y MAP). Las etiquetas de presi\u00f3n disponibles son:<\/p>\n<ul class=\"wcb-button cb-common arrow-button\">\n<li>ART: La presi\u00f3n Arterial<\/li>\n<li>PA: La presi\u00f3n Arterial Pulmonar<\/li>\n<li>CVP: Centro de la Presi\u00f3n Venosa<\/li>\n<li>RAP: La presi\u00f3n auricular derecha<\/li>\n<li>LAP: Presi\u00f3n de la aur\u00edcula Izquierda<\/li>\n<li>ICP: Intracranium Presi\u00f3n<\/li>\n<li>P1-P2: Ampliar la Presi\u00f3n<\/li>\n<\/ul>\n","protected":false},"featured_media":1139,"comment_status":"closed","ping_status":"closed","template":"","meta":[],"yoast_head":"<!-- This site is optimized with the Yoast SEO plugin v14.9 - https:\/\/yoast.com\/wordpress\/plugins\/seo\/ -->\n<title>M\u00f3dulo de Presi\u00f3n Invasiva | Limage S.R.L<\/title>\n<meta name=\"robots\" content=\"index, follow, max-snippet:-1, max-image-preview:large, max-video-preview:-1\" \/>\n<link rel=\"canonical\" href=\"http:\/\/limagesrl.com.ar\/index.php\/producto\/modulo-de-presion-invasiva-nombre\/\" \/>\n<meta property=\"og:locale\" content=\"es_ES\" \/>\n<meta property=\"og:type\" content=\"article\" \/>\n<meta property=\"og:title\" content=\"M\u00f3dulo de Presi\u00f3n Invasiva | Limage S.R.L\" \/>\n<meta property=\"og:description\" content=\"Este m\u00f3dulo mide la presi\u00f3n arterial directa (SYS, DIA y MAP) de un vaso sangu\u00edneo seleccionado a trav\u00e9s de dos canales, y muestra dos formas de onda de presi\u00f3n arterial mide la presi\u00f3n arterial directa (SYS, DIA y MAP). Las etiquetas de presi\u00f3n disponibles son:   ART: La presi\u00f3n Arterial  PA: La presi\u00f3n Arterial Pulmonar  CVP: Centro de la Presi\u00f3n Venosa  RAP: La presi\u00f3n auricular derecha  LAP: Presi\u00f3n de la aur\u00edcula Izquierda  ICP: Intracranium Presi\u00f3n  P1-P2: Ampliar la Presi\u00f3n\" \/>\n<meta property=\"og:url\" content=\"http:\/\/limagesrl.com.ar\/index.php\/producto\/modulo-de-presion-invasiva-nombre\/\" \/>\n<meta property=\"og:site_name\" content=\"Limage S.R.L\" \/>\n<meta property=\"article:modified_time\" content=\"2018-10-08T14:02:52+00:00\" \/>\n<meta property=\"og:image\" content=\"https:\/\/limagesrl.com.ar\/wp-content\/uploads\/2018\/09\/0003_pinvasiva.jpg\" \/>\n\t<meta property=\"og:image:width\" content=\"475\" \/>\n\t<meta property=\"og:image:height\" content=\"408\" \/>\n<meta name=\"twitter:card\" content=\"summary_large_image\" \/>\n<script type=\"application\/ld+json\" class=\"yoast-schema-graph\">{\"@context\":\"https:\/\/schema.org\",\"@graph\":[{\"@type\":\"WebSite\",\"@id\":\"https:\/\/limagesrl.com.ar\/#website\",\"url\":\"https:\/\/limagesrl.com.ar\/\",\"name\":\"Limage S.R.L\",\"description\":\"Tecnologia Medica\",\"potentialAction\":[{\"@type\":\"SearchAction\",\"target\":\"https:\/\/limagesrl.com.ar\/?s={search_term_string}\",\"query-input\":\"required name=search_term_string\"}],\"inLanguage\":\"es-AR\"},{\"@type\":\"ImageObject\",\"@id\":\"http:\/\/limagesrl.com.ar\/index.php\/producto\/modulo-de-presion-invasiva-nombre\/#primaryimage\",\"inLanguage\":\"es-AR\",\"url\":\"https:\/\/limagesrl.com.ar\/wp-content\/uploads\/2018\/09\/0003_pinvasiva.jpg\",\"width\":475,\"height\":408},{\"@type\":\"WebPage\",\"@id\":\"http:\/\/limagesrl.com.ar\/index.php\/producto\/modulo-de-presion-invasiva-nombre\/#webpage\",\"url\":\"http:\/\/limagesrl.com.ar\/index.php\/producto\/modulo-de-presion-invasiva-nombre\/\",\"name\":\"M\\u00f3dulo de Presi\\u00f3n Invasiva | Limage S.R.L\",\"isPartOf\":{\"@id\":\"https:\/\/limagesrl.com.ar\/#website\"},\"primaryImageOfPage\":{\"@id\":\"http:\/\/limagesrl.com.ar\/index.php\/producto\/modulo-de-presion-invasiva-nombre\/#primaryimage\"},\"datePublished\":\"2018-09-04T22:26:51+00:00\",\"dateModified\":\"2018-10-08T14:02:52+00:00\",\"inLanguage\":\"es-AR\",\"potentialAction\":[{\"@type\":\"ReadAction\",\"target\":[\"http:\/\/limagesrl.com.ar\/index.php\/producto\/modulo-de-presion-invasiva-nombre\/\"]}]}]}<\/script>\n<!-- \/ Yoast SEO plugin. -->","amp_enabled":true,"_links":{"self":[{"href":"https:\/\/limagesrl.com.ar\/index.php\/wp-json\/wp\/v2\/product\/894"}],"collection":[{"href":"https:\/\/limagesrl.com.ar\/index.php\/wp-json\/wp\/v2\/product"}],"about":[{"href":"https:\/\/limagesrl.com.ar\/index.php\/wp-json\/wp\/v2\/types\/product"}],"replies":[{"embeddable":true,"href":"https:\/\/limagesrl.com.ar\/index.php\/wp-json\/wp\/v2\/comments?post=894"}],"wp:featuredmedia":[{"embeddable":true,"href":"https:\/\/limagesrl.com.ar\/index.php\/wp-json\/wp\/v2\/media\/1139"}],"wp:attachment":[{"href":"https:\/\/limagesrl.com.ar\/index.php\/wp-json\/wp\/v2\/media?parent=894"}],"curies":[{"name":"wp","href":"https:\/\/api.w.org\/{rel}","templated":true}]}}