{"id":895,"date":"2018-09-04T19:27:36","date_gmt":"2018-09-04T22:27:36","guid":{"rendered":"http:\/\/limagesrl.com.ar\/?post_type=product&#038;p=895"},"modified":"2018-10-08T11:02:51","modified_gmt":"2018-10-08T14:02:51","slug":"co2-m01","status":"publish","type":"product","link":"https:\/\/limagesrl.com.ar\/index.php\/producto\/co2-m01\/","title":{"rendered":"CO2-M01"},"content":{"rendered":"","protected":false},"excerpt":{"rendered":"<p>CO2-M01 respiratorio Gas CO2. Es un m\u00f3dulo de equipo cl\u00ednico para CO2 monitoreo continuo. Espectroscopia de absorci\u00f3n infrarroja com\u00fan se divide en corriente principal y secundaria seg\u00fan la modalidad de muestreo de gas, y este m\u00f3dulo est\u00e1 dise\u00f1ado para la medici\u00f3n de flujo lateral. El m\u00f3dulo proporciona el estado fisiol\u00f3gico del paciente y juega un papel importante en la anestesia cl\u00ednica, CPCR (Resucitaci\u00f3n card\u00edaca pulmonar Cerebral), ICU (unidad de cuidados intensivos) y medicina de emergencia, etc. Es aplicable para adultos, pedi\u00e1tricos y neonatales.<\/p>\n","protected":false},"featured_media":1138,"comment_status":"closed","ping_status":"closed","template":"","meta":[],"yoast_head":"<!-- This site is optimized with the Yoast SEO plugin v14.9 - https:\/\/yoast.com\/wordpress\/plugins\/seo\/ -->\n<title>CO2-M01 | Limage S.R.L<\/title>\n<meta name=\"robots\" content=\"index, follow, max-snippet:-1, max-image-preview:large, max-video-preview:-1\" \/>\n<link rel=\"canonical\" href=\"http:\/\/limagesrl.com.ar\/index.php\/producto\/co2-m01\/\" \/>\n<meta property=\"og:locale\" content=\"es_ES\" \/>\n<meta property=\"og:type\" content=\"article\" \/>\n<meta property=\"og:title\" content=\"CO2-M01 | Limage S.R.L\" \/>\n<meta property=\"og:description\" content=\"CO2-M01 respiratorio Gas CO2. Es un m\u00f3dulo de equipo cl\u00ednico para CO2 monitoreo continuo. Espectroscopia de absorci\u00f3n infrarroja com\u00fan se divide en corriente principal y secundaria seg\u00fan la modalidad de muestreo de gas, y este m\u00f3dulo est\u00e1 dise\u00f1ado para la medici\u00f3n de flujo lateral. El m\u00f3dulo proporciona el estado fisiol\u00f3gico del paciente y juega un papel importante en la anestesia cl\u00ednica, CPCR (Resucitaci\u00f3n card\u00edaca pulmonar Cerebral), ICU (unidad de cuidados intensivos) y medicina de emergencia, etc. Es aplicable para adultos, pedi\u00e1tricos y neonatales.\" \/>\n<meta property=\"og:url\" content=\"http:\/\/limagesrl.com.ar\/index.php\/producto\/co2-m01\/\" \/>\n<meta property=\"og:site_name\" content=\"Limage S.R.L\" \/>\n<meta property=\"article:modified_time\" content=\"2018-10-08T14:02:51+00:00\" \/>\n<meta property=\"og:image\" content=\"https:\/\/limagesrl.com.ar\/wp-content\/uploads\/2018\/09\/0005_capnografo.jpg\" \/>\n\t<meta property=\"og:image:width\" content=\"475\" \/>\n\t<meta property=\"og:image:height\" content=\"408\" \/>\n<meta name=\"twitter:card\" content=\"summary_large_image\" \/>\n<script type=\"application\/ld+json\" class=\"yoast-schema-graph\">{\"@context\":\"https:\/\/schema.org\",\"@graph\":[{\"@type\":\"WebSite\",\"@id\":\"https:\/\/limagesrl.com.ar\/#website\",\"url\":\"https:\/\/limagesrl.com.ar\/\",\"name\":\"Limage S.R.L\",\"description\":\"Tecnologia Medica\",\"potentialAction\":[{\"@type\":\"SearchAction\",\"target\":\"https:\/\/limagesrl.com.ar\/?s={search_term_string}\",\"query-input\":\"required name=search_term_string\"}],\"inLanguage\":\"es-AR\"},{\"@type\":\"ImageObject\",\"@id\":\"http:\/\/limagesrl.com.ar\/index.php\/producto\/co2-m01\/#primaryimage\",\"inLanguage\":\"es-AR\",\"url\":\"https:\/\/limagesrl.com.ar\/wp-content\/uploads\/2018\/09\/0005_capnografo.jpg\",\"width\":475,\"height\":408},{\"@type\":\"WebPage\",\"@id\":\"http:\/\/limagesrl.com.ar\/index.php\/producto\/co2-m01\/#webpage\",\"url\":\"http:\/\/limagesrl.com.ar\/index.php\/producto\/co2-m01\/\",\"name\":\"CO2-M01 | Limage S.R.L\",\"isPartOf\":{\"@id\":\"https:\/\/limagesrl.com.ar\/#website\"},\"primaryImageOfPage\":{\"@id\":\"http:\/\/limagesrl.com.ar\/index.php\/producto\/co2-m01\/#primaryimage\"},\"datePublished\":\"2018-09-04T22:27:36+00:00\",\"dateModified\":\"2018-10-08T14:02:51+00:00\",\"inLanguage\":\"es-AR\",\"potentialAction\":[{\"@type\":\"ReadAction\",\"target\":[\"http:\/\/limagesrl.com.ar\/index.php\/producto\/co2-m01\/\"]}]}]}<\/script>\n<!-- \/ Yoast SEO plugin. -->","amp_enabled":true,"_links":{"self":[{"href":"https:\/\/limagesrl.com.ar\/index.php\/wp-json\/wp\/v2\/product\/895"}],"collection":[{"href":"https:\/\/limagesrl.com.ar\/index.php\/wp-json\/wp\/v2\/product"}],"about":[{"href":"https:\/\/limagesrl.com.ar\/index.php\/wp-json\/wp\/v2\/types\/product"}],"replies":[{"embeddable":true,"href":"https:\/\/limagesrl.com.ar\/index.php\/wp-json\/wp\/v2\/comments?post=895"}],"wp:featuredmedia":[{"embeddable":true,"href":"https:\/\/limagesrl.com.ar\/index.php\/wp-json\/wp\/v2\/media\/1138"}],"wp:attachment":[{"href":"https:\/\/limagesrl.com.ar\/index.php\/wp-json\/wp\/v2\/media?parent=895"}],"curies":[{"name":"wp","href":"https:\/\/api.w.org\/{rel}","templated":true}]}}