{"id":900,"date":"2018-09-04T19:31:49","date_gmt":"2018-09-04T22:31:49","guid":{"rendered":"http:\/\/limagesrl.com.ar\/?post_type=product&#038;p=900"},"modified":"2018-10-09T08:16:41","modified_gmt":"2018-10-09T11:16:41","slug":"bomba-de-alimentacion","status":"publish","type":"product","link":"https:\/\/limagesrl.com.ar\/index.php\/producto\/bomba-de-alimentacion\/","title":{"rendered":"Bomba de Alimentaci\u00f3n"},"content":{"rendered":"","protected":false},"excerpt":{"rendered":"<p>Dise\u00f1o compacto, de tama\u00f1o peque\u00f1o, motor de bajo ruido, sensor ultras\u00f3nico de burbujas, VAI (VTBI) (volumen a infundir) , ajuste preciso de velocidad de flujo para los pacientes, precisi\u00f3n de velocidad de flujo, alarmas audiovisuales para mayor seguridad. Se puede ajustar la velocidad de flujo en incrementos de 1 ml\/h, 5 ml\/h, 10 ml\/h, la bater\u00eda interna recargable permite que la bomba sea transportada con el paciente sin detener su funcionamiento normal.<br \/>\n<a class=\"maxbutton-1 maxbutton maxbutton-desfri\" target=\"_blank\" rel=\"noopener\" href=\"http:\/\/limagesrl.com.ar\/wp-content\/uploads\/2018\/10\/Bomba-de-Alimentaci\u00f3n-KL-5021A.pdf\"><span class='mb-text'>Ficha T\u00e9cnica<\/span><\/a><\/p>\n","protected":false},"featured_media":1135,"comment_status":"closed","ping_status":"closed","template":"","meta":[],"yoast_head":"<!-- This site is optimized with the Yoast SEO plugin v14.9 - https:\/\/yoast.com\/wordpress\/plugins\/seo\/ -->\n<title>Bomba de Alimentaci\u00f3n | Limage S.R.L<\/title>\n<meta name=\"robots\" content=\"index, follow, max-snippet:-1, max-image-preview:large, max-video-preview:-1\" \/>\n<link rel=\"canonical\" href=\"http:\/\/limagesrl.com.ar\/index.php\/producto\/bomba-de-alimentacion\/\" \/>\n<meta property=\"og:locale\" content=\"es_ES\" \/>\n<meta property=\"og:type\" content=\"article\" \/>\n<meta property=\"og:title\" content=\"Bomba de Alimentaci\u00f3n | Limage S.R.L\" \/>\n<meta property=\"og:description\" content=\"Dise\u00f1o compacto, de tama\u00f1o peque\u00f1o, motor de bajo ruido, sensor ultras\u00f3nico de burbujas, VAI (VTBI) (volumen a infundir) , ajuste preciso de velocidad de flujo para los pacientes, precisi\u00f3n de velocidad de flujo, alarmas audiovisuales para mayor seguridad. Se puede ajustar la velocidad de flujo en incrementos de 1 ml\/h, 5 ml\/h, 10 ml\/h, la bater\u00eda interna recargable permite que la bomba sea transportada con el paciente sin detener su funcionamiento normal.\" \/>\n<meta property=\"og:url\" content=\"http:\/\/limagesrl.com.ar\/index.php\/producto\/bomba-de-alimentacion\/\" \/>\n<meta property=\"og:site_name\" content=\"Limage S.R.L\" \/>\n<meta property=\"article:modified_time\" content=\"2018-10-09T11:16:41+00:00\" \/>\n<meta property=\"og:image\" content=\"https:\/\/limagesrl.com.ar\/wp-content\/uploads\/2018\/09\/0008_Bomba-de-Alimentacion.jpg\" \/>\n\t<meta property=\"og:image:width\" content=\"475\" \/>\n\t<meta property=\"og:image:height\" content=\"408\" \/>\n<meta name=\"twitter:card\" content=\"summary_large_image\" \/>\n<script type=\"application\/ld+json\" class=\"yoast-schema-graph\">{\"@context\":\"https:\/\/schema.org\",\"@graph\":[{\"@type\":\"WebSite\",\"@id\":\"https:\/\/limagesrl.com.ar\/#website\",\"url\":\"https:\/\/limagesrl.com.ar\/\",\"name\":\"Limage S.R.L\",\"description\":\"Tecnologia Medica\",\"potentialAction\":[{\"@type\":\"SearchAction\",\"target\":\"https:\/\/limagesrl.com.ar\/?s={search_term_string}\",\"query-input\":\"required name=search_term_string\"}],\"inLanguage\":\"es-AR\"},{\"@type\":\"ImageObject\",\"@id\":\"http:\/\/limagesrl.com.ar\/index.php\/producto\/bomba-de-alimentacion\/#primaryimage\",\"inLanguage\":\"es-AR\",\"url\":\"https:\/\/limagesrl.com.ar\/wp-content\/uploads\/2018\/09\/0008_Bomba-de-Alimentacion.jpg\",\"width\":475,\"height\":408},{\"@type\":\"WebPage\",\"@id\":\"http:\/\/limagesrl.com.ar\/index.php\/producto\/bomba-de-alimentacion\/#webpage\",\"url\":\"http:\/\/limagesrl.com.ar\/index.php\/producto\/bomba-de-alimentacion\/\",\"name\":\"Bomba de Alimentaci\\u00f3n | Limage S.R.L\",\"isPartOf\":{\"@id\":\"https:\/\/limagesrl.com.ar\/#website\"},\"primaryImageOfPage\":{\"@id\":\"http:\/\/limagesrl.com.ar\/index.php\/producto\/bomba-de-alimentacion\/#primaryimage\"},\"datePublished\":\"2018-09-04T22:31:49+00:00\",\"dateModified\":\"2018-10-09T11:16:41+00:00\",\"inLanguage\":\"es-AR\",\"potentialAction\":[{\"@type\":\"ReadAction\",\"target\":[\"http:\/\/limagesrl.com.ar\/index.php\/producto\/bomba-de-alimentacion\/\"]}]}]}<\/script>\n<!-- \/ Yoast SEO plugin. -->","amp_enabled":true,"_links":{"self":[{"href":"https:\/\/limagesrl.com.ar\/index.php\/wp-json\/wp\/v2\/product\/900"}],"collection":[{"href":"https:\/\/limagesrl.com.ar\/index.php\/wp-json\/wp\/v2\/product"}],"about":[{"href":"https:\/\/limagesrl.com.ar\/index.php\/wp-json\/wp\/v2\/types\/product"}],"replies":[{"embeddable":true,"href":"https:\/\/limagesrl.com.ar\/index.php\/wp-json\/wp\/v2\/comments?post=900"}],"wp:featuredmedia":[{"embeddable":true,"href":"https:\/\/limagesrl.com.ar\/index.php\/wp-json\/wp\/v2\/media\/1135"}],"wp:attachment":[{"href":"https:\/\/limagesrl.com.ar\/index.php\/wp-json\/wp\/v2\/media?parent=900"}],"curies":[{"name":"wp","href":"https:\/\/api.w.org\/{rel}","templated":true}]}}