{"id":901,"date":"2018-09-04T19:32:25","date_gmt":"2018-09-04T22:32:25","guid":{"rendered":"http:\/\/limagesrl.com.ar\/?post_type=product&#038;p=901"},"modified":"2018-10-09T08:08:11","modified_gmt":"2018-10-09T11:08:11","slug":"sp750","status":"publish","type":"product","link":"https:\/\/limagesrl.com.ar\/index.php\/producto\/sp750\/","title":{"rendered":"SP750"},"content":{"rendered":"","protected":false},"excerpt":{"rendered":"<p>SP-750 es una bomba de infusi\u00f3n volum\u00e9trica muy confiable, dise\u00f1ada para una operaci\u00f3n segura y f\u00e1cil. Cuenta con la velocidad de perfusi\u00f3n precisa que garantiza la seguridad del paciente y el efecto terap\u00e9utico \u00f3ptimo. Pantalla LCD. Entrega correcta de l\u00edquido. Velocidad de infusi\u00f3n variable. Bater\u00eda de litio recargable.<br \/>\n<a class=\"maxbutton-1 maxbutton maxbutton-desfri\" target=\"_blank\" rel=\"noopener\" href=\"http:\/\/limagesrl.com.ar\/wp-content\/uploads\/2018\/10\/Bombas-de-Infusi\u00f3n-y-Perfusi\u00f3n-SP-950.pdf\"><span class='mb-text'>Ficha T\u00e9cnica<\/span><\/a><\/p>\n","protected":false},"featured_media":1132,"comment_status":"closed","ping_status":"closed","template":"","meta":[],"yoast_head":"<!-- This site is optimized with the Yoast SEO plugin v14.9 - https:\/\/yoast.com\/wordpress\/plugins\/seo\/ -->\n<title>SP750 | Limage S.R.L<\/title>\n<meta name=\"robots\" content=\"index, follow, max-snippet:-1, max-image-preview:large, max-video-preview:-1\" \/>\n<link rel=\"canonical\" href=\"http:\/\/limagesrl.com.ar\/index.php\/producto\/sp750\/\" \/>\n<meta property=\"og:locale\" content=\"es_ES\" \/>\n<meta property=\"og:type\" content=\"article\" \/>\n<meta property=\"og:title\" content=\"SP750 | Limage S.R.L\" \/>\n<meta property=\"og:description\" content=\"SP-750 es una bomba de infusi\u00f3n volum\u00e9trica muy confiable, dise\u00f1ada para una operaci\u00f3n segura y f\u00e1cil. Cuenta con la velocidad de perfusi\u00f3n precisa que garantiza la seguridad del paciente y el efecto terap\u00e9utico \u00f3ptimo. Pantalla LCD. Entrega correcta de l\u00edquido. Velocidad de infusi\u00f3n variable. Bater\u00eda de litio recargable.\" \/>\n<meta property=\"og:url\" content=\"http:\/\/limagesrl.com.ar\/index.php\/producto\/sp750\/\" \/>\n<meta property=\"og:site_name\" content=\"Limage S.R.L\" \/>\n<meta property=\"article:modified_time\" content=\"2018-10-09T11:08:11+00:00\" \/>\n<meta property=\"og:image\" content=\"https:\/\/limagesrl.com.ar\/wp-content\/uploads\/2018\/09\/0001_SP750-475x317.jpg\" \/>\n\t<meta property=\"og:image:width\" content=\"475\" \/>\n\t<meta property=\"og:image:height\" content=\"408\" \/>\n<meta name=\"twitter:card\" content=\"summary_large_image\" \/>\n<script type=\"application\/ld+json\" class=\"yoast-schema-graph\">{\"@context\":\"https:\/\/schema.org\",\"@graph\":[{\"@type\":\"WebSite\",\"@id\":\"https:\/\/limagesrl.com.ar\/#website\",\"url\":\"https:\/\/limagesrl.com.ar\/\",\"name\":\"Limage S.R.L\",\"description\":\"Tecnologia Medica\",\"potentialAction\":[{\"@type\":\"SearchAction\",\"target\":\"https:\/\/limagesrl.com.ar\/?s={search_term_string}\",\"query-input\":\"required name=search_term_string\"}],\"inLanguage\":\"es-AR\"},{\"@type\":\"ImageObject\",\"@id\":\"http:\/\/limagesrl.com.ar\/index.php\/producto\/sp750\/#primaryimage\",\"inLanguage\":\"es-AR\",\"url\":\"https:\/\/limagesrl.com.ar\/wp-content\/uploads\/2018\/09\/0001_SP750-475x317.jpg\",\"width\":475,\"height\":408},{\"@type\":\"WebPage\",\"@id\":\"http:\/\/limagesrl.com.ar\/index.php\/producto\/sp750\/#webpage\",\"url\":\"http:\/\/limagesrl.com.ar\/index.php\/producto\/sp750\/\",\"name\":\"SP750 | Limage S.R.L\",\"isPartOf\":{\"@id\":\"https:\/\/limagesrl.com.ar\/#website\"},\"primaryImageOfPage\":{\"@id\":\"http:\/\/limagesrl.com.ar\/index.php\/producto\/sp750\/#primaryimage\"},\"datePublished\":\"2018-09-04T22:32:25+00:00\",\"dateModified\":\"2018-10-09T11:08:11+00:00\",\"inLanguage\":\"es-AR\",\"potentialAction\":[{\"@type\":\"ReadAction\",\"target\":[\"http:\/\/limagesrl.com.ar\/index.php\/producto\/sp750\/\"]}]}]}<\/script>\n<!-- \/ Yoast SEO plugin. -->","amp_enabled":true,"_links":{"self":[{"href":"https:\/\/limagesrl.com.ar\/index.php\/wp-json\/wp\/v2\/product\/901"}],"collection":[{"href":"https:\/\/limagesrl.com.ar\/index.php\/wp-json\/wp\/v2\/product"}],"about":[{"href":"https:\/\/limagesrl.com.ar\/index.php\/wp-json\/wp\/v2\/types\/product"}],"replies":[{"embeddable":true,"href":"https:\/\/limagesrl.com.ar\/index.php\/wp-json\/wp\/v2\/comments?post=901"}],"wp:featuredmedia":[{"embeddable":true,"href":"https:\/\/limagesrl.com.ar\/index.php\/wp-json\/wp\/v2\/media\/1132"}],"wp:attachment":[{"href":"https:\/\/limagesrl.com.ar\/index.php\/wp-json\/wp\/v2\/media?parent=901"}],"curies":[{"name":"wp","href":"https:\/\/api.w.org\/{rel}","templated":true}]}}