{"id":904,"date":"2018-09-04T19:34:52","date_gmt":"2018-09-04T22:34:52","guid":{"rendered":"http:\/\/limagesrl.com.ar\/?post_type=product&#038;p=904"},"modified":"2018-10-09T08:02:33","modified_gmt":"2018-10-09T11:02:33","slug":"aed7000plus","status":"publish","type":"product","link":"https:\/\/limagesrl.com.ar\/index.php\/producto\/aed7000plus\/","title":{"rendered":"AED7000Plus"},"content":{"rendered":"","protected":false},"excerpt":{"rendered":"<p>El Desfibrilador Externo Autom\u00e1tico AED7000 Plus es un equipo de desfibrilaci\u00f3n bif\u00e1sica, f\u00e1cil de usar que reconoce la fibrilaci\u00f3n ventricular o taquicardia ventricular y gu\u00eda al operador a trav\u00e9s del proceso de desfibrilaci\u00f3n..<br \/>\nEl AED7000 Plus ofrece el choque de desfibrilaci\u00f3n a trav\u00e9s de dos almohadillas o pads con electrodos autoadhesivas, precargadas y de baja impedancia. Los pads, el cable y el conector son kits desechables. El equipo cuenta con una tarjeta de memoria que graba los distintos eventos.<br \/>\n<a class=\"maxbutton-1 maxbutton maxbutton-desfri\" target=\"_blank\" rel=\"noopener\" href=\"http:\/\/limagesrl.com.ar\/wp-content\/uploads\/2018\/10\/aed7000plus.pdf\"><span class='mb-text'>Ficha T\u00e9cnica<\/span><\/a><\/p>\n","protected":false},"featured_media":1141,"comment_status":"closed","ping_status":"closed","template":"","meta":[],"yoast_head":"<!-- This site is optimized with the Yoast SEO plugin v14.9 - https:\/\/yoast.com\/wordpress\/plugins\/seo\/ -->\n<title>AED7000Plus | Limage S.R.L<\/title>\n<meta name=\"robots\" content=\"index, follow, max-snippet:-1, max-image-preview:large, max-video-preview:-1\" \/>\n<link rel=\"canonical\" href=\"http:\/\/limagesrl.com.ar\/index.php\/producto\/aed7000plus\/\" \/>\n<meta property=\"og:locale\" content=\"es_ES\" \/>\n<meta property=\"og:type\" content=\"article\" \/>\n<meta property=\"og:title\" content=\"AED7000Plus | Limage S.R.L\" \/>\n<meta property=\"og:description\" content=\"El Desfibrilador Externo Autom\u00e1tico AED7000 Plus es un equipo de desfibrilaci\u00f3n bif\u00e1sica, f\u00e1cil de usar que reconoce la fibrilaci\u00f3n ventricular o taquicardia ventricular y gu\u00eda al operador a trav\u00e9s del proceso de desfibrilaci\u00f3n.. El AED7000 Plus ofrece el choque de desfibrilaci\u00f3n a trav\u00e9s de dos almohadillas o pads con electrodos autoadhesivas, precargadas y de baja impedancia. Los pads, el cable y el conector son kits desechables. El equipo cuenta con una tarjeta de memoria que graba los distintos eventos.\" \/>\n<meta property=\"og:url\" content=\"http:\/\/limagesrl.com.ar\/index.php\/producto\/aed7000plus\/\" \/>\n<meta property=\"og:site_name\" content=\"Limage S.R.L\" \/>\n<meta property=\"article:modified_time\" content=\"2018-10-09T11:02:33+00:00\" \/>\n<meta property=\"og:image\" content=\"https:\/\/limagesrl.com.ar\/wp-content\/uploads\/2018\/09\/0000_Grande.jpg\" \/>\n\t<meta property=\"og:image:width\" content=\"1024\" \/>\n\t<meta property=\"og:image:height\" content=\"683\" \/>\n<meta name=\"twitter:card\" content=\"summary_large_image\" \/>\n<script type=\"application\/ld+json\" class=\"yoast-schema-graph\">{\"@context\":\"https:\/\/schema.org\",\"@graph\":[{\"@type\":\"WebSite\",\"@id\":\"https:\/\/limagesrl.com.ar\/#website\",\"url\":\"https:\/\/limagesrl.com.ar\/\",\"name\":\"Limage S.R.L\",\"description\":\"Tecnologia Medica\",\"potentialAction\":[{\"@type\":\"SearchAction\",\"target\":\"https:\/\/limagesrl.com.ar\/?s={search_term_string}\",\"query-input\":\"required name=search_term_string\"}],\"inLanguage\":\"es-AR\"},{\"@type\":\"ImageObject\",\"@id\":\"http:\/\/limagesrl.com.ar\/index.php\/producto\/aed7000plus\/#primaryimage\",\"inLanguage\":\"es-AR\",\"url\":\"https:\/\/limagesrl.com.ar\/wp-content\/uploads\/2018\/09\/0000_Grande.jpg\",\"width\":1024,\"height\":683},{\"@type\":\"WebPage\",\"@id\":\"http:\/\/limagesrl.com.ar\/index.php\/producto\/aed7000plus\/#webpage\",\"url\":\"http:\/\/limagesrl.com.ar\/index.php\/producto\/aed7000plus\/\",\"name\":\"AED7000Plus | Limage S.R.L\",\"isPartOf\":{\"@id\":\"https:\/\/limagesrl.com.ar\/#website\"},\"primaryImageOfPage\":{\"@id\":\"http:\/\/limagesrl.com.ar\/index.php\/producto\/aed7000plus\/#primaryimage\"},\"datePublished\":\"2018-09-04T22:34:52+00:00\",\"dateModified\":\"2018-10-09T11:02:33+00:00\",\"inLanguage\":\"es-AR\",\"potentialAction\":[{\"@type\":\"ReadAction\",\"target\":[\"http:\/\/limagesrl.com.ar\/index.php\/producto\/aed7000plus\/\"]}]}]}<\/script>\n<!-- \/ Yoast SEO plugin. -->","amp_enabled":true,"_links":{"self":[{"href":"https:\/\/limagesrl.com.ar\/index.php\/wp-json\/wp\/v2\/product\/904"}],"collection":[{"href":"https:\/\/limagesrl.com.ar\/index.php\/wp-json\/wp\/v2\/product"}],"about":[{"href":"https:\/\/limagesrl.com.ar\/index.php\/wp-json\/wp\/v2\/types\/product"}],"replies":[{"embeddable":true,"href":"https:\/\/limagesrl.com.ar\/index.php\/wp-json\/wp\/v2\/comments?post=904"}],"wp:featuredmedia":[{"embeddable":true,"href":"https:\/\/limagesrl.com.ar\/index.php\/wp-json\/wp\/v2\/media\/1141"}],"wp:attachment":[{"href":"https:\/\/limagesrl.com.ar\/index.php\/wp-json\/wp\/v2\/media?parent=904"}],"curies":[{"name":"wp","href":"https:\/\/api.w.org\/{rel}","templated":true}]}}