{"id":908,"date":"2018-09-04T19:37:37","date_gmt":"2018-09-04T22:37:37","guid":{"rendered":"http:\/\/limagesrl.com.ar\/?post_type=product&#038;p=908"},"modified":"2018-10-08T11:02:45","modified_gmt":"2018-10-08T14:02:45","slug":"planchas-termoldeables","status":"publish","type":"product","link":"https:\/\/limagesrl.com.ar\/index.php\/producto\/planchas-termoldeables\/","title":{"rendered":"Planchas Termoldeables"},"content":{"rendered":"","protected":false},"excerpt":{"rendered":"<p>Alta Rigidez, Control y Confortabilidad Moderada, Memoria El\u00e1stica, Gama completa y muy vers\u00e1til, se utilizan para miembros superiores e inferiores tanto en peque\u00f1os como adultos.<\/p>\n","protected":false},"featured_media":1161,"comment_status":"closed","ping_status":"closed","template":"","meta":[],"yoast_head":"<!-- This site is optimized with the Yoast SEO plugin v14.9 - https:\/\/yoast.com\/wordpress\/plugins\/seo\/ -->\n<title>Planchas Termoldeables | Limage S.R.L<\/title>\n<meta name=\"robots\" content=\"index, follow, max-snippet:-1, max-image-preview:large, max-video-preview:-1\" \/>\n<link rel=\"canonical\" href=\"http:\/\/limagesrl.com.ar\/index.php\/producto\/planchas-termoldeables\/\" \/>\n<meta property=\"og:locale\" content=\"es_ES\" \/>\n<meta property=\"og:type\" content=\"article\" \/>\n<meta property=\"og:title\" content=\"Planchas Termoldeables | Limage S.R.L\" \/>\n<meta property=\"og:description\" content=\"Alta Rigidez, Control y Confortabilidad Moderada, Memoria El\u00e1stica, Gama completa y muy vers\u00e1til, se utilizan para miembros superiores e inferiores tanto en peque\u00f1os como adultos.\" \/>\n<meta property=\"og:url\" content=\"http:\/\/limagesrl.com.ar\/index.php\/producto\/planchas-termoldeables\/\" \/>\n<meta property=\"og:site_name\" content=\"Limage S.R.L\" \/>\n<meta property=\"article:modified_time\" content=\"2018-10-08T14:02:45+00:00\" \/>\n<meta property=\"og:image\" content=\"https:\/\/limagesrl.com.ar\/wp-content\/uploads\/2018\/09\/image007_0000_planchas-orfit-varias-medida.jpg\" \/>\n\t<meta property=\"og:image:width\" content=\"324\" \/>\n\t<meta property=\"og:image:height\" content=\"331\" \/>\n<meta name=\"twitter:card\" content=\"summary_large_image\" \/>\n<script type=\"application\/ld+json\" class=\"yoast-schema-graph\">{\"@context\":\"https:\/\/schema.org\",\"@graph\":[{\"@type\":\"WebSite\",\"@id\":\"https:\/\/limagesrl.com.ar\/#website\",\"url\":\"https:\/\/limagesrl.com.ar\/\",\"name\":\"Limage S.R.L\",\"description\":\"Tecnologia Medica\",\"potentialAction\":[{\"@type\":\"SearchAction\",\"target\":\"https:\/\/limagesrl.com.ar\/?s={search_term_string}\",\"query-input\":\"required name=search_term_string\"}],\"inLanguage\":\"es-AR\"},{\"@type\":\"ImageObject\",\"@id\":\"http:\/\/limagesrl.com.ar\/index.php\/producto\/planchas-termoldeables\/#primaryimage\",\"inLanguage\":\"es-AR\",\"url\":\"https:\/\/limagesrl.com.ar\/wp-content\/uploads\/2018\/09\/image007_0000_planchas-orfit-varias-medida.jpg\",\"width\":324,\"height\":331},{\"@type\":\"WebPage\",\"@id\":\"http:\/\/limagesrl.com.ar\/index.php\/producto\/planchas-termoldeables\/#webpage\",\"url\":\"http:\/\/limagesrl.com.ar\/index.php\/producto\/planchas-termoldeables\/\",\"name\":\"Planchas Termoldeables | Limage S.R.L\",\"isPartOf\":{\"@id\":\"https:\/\/limagesrl.com.ar\/#website\"},\"primaryImageOfPage\":{\"@id\":\"http:\/\/limagesrl.com.ar\/index.php\/producto\/planchas-termoldeables\/#primaryimage\"},\"datePublished\":\"2018-09-04T22:37:37+00:00\",\"dateModified\":\"2018-10-08T14:02:45+00:00\",\"inLanguage\":\"es-AR\",\"potentialAction\":[{\"@type\":\"ReadAction\",\"target\":[\"http:\/\/limagesrl.com.ar\/index.php\/producto\/planchas-termoldeables\/\"]}]}]}<\/script>\n<!-- \/ Yoast SEO plugin. -->","amp_enabled":true,"_links":{"self":[{"href":"https:\/\/limagesrl.com.ar\/index.php\/wp-json\/wp\/v2\/product\/908"}],"collection":[{"href":"https:\/\/limagesrl.com.ar\/index.php\/wp-json\/wp\/v2\/product"}],"about":[{"href":"https:\/\/limagesrl.com.ar\/index.php\/wp-json\/wp\/v2\/types\/product"}],"replies":[{"embeddable":true,"href":"https:\/\/limagesrl.com.ar\/index.php\/wp-json\/wp\/v2\/comments?post=908"}],"wp:featuredmedia":[{"embeddable":true,"href":"https:\/\/limagesrl.com.ar\/index.php\/wp-json\/wp\/v2\/media\/1161"}],"wp:attachment":[{"href":"https:\/\/limagesrl.com.ar\/index.php\/wp-json\/wp\/v2\/media?parent=908"}],"curies":[{"name":"wp","href":"https:\/\/api.w.org\/{rel}","templated":true}]}}