{"id":910,"date":"2018-09-04T19:38:55","date_gmt":"2018-09-04T22:38:55","guid":{"rendered":"http:\/\/limagesrl.com.ar\/?post_type=product&#038;p=910"},"modified":"2018-10-08T11:02:44","modified_gmt":"2018-10-08T14:02:44","slug":"colchonetas","status":"publish","type":"product","link":"https:\/\/limagesrl.com.ar\/index.php\/producto\/colchonetas\/","title":{"rendered":"Colchonetas"},"content":{"rendered":"","protected":false},"excerpt":{"rendered":"<p>Son herramientas avanzadas que proporcionan apoyo para los pacientes en cabeza, cuello y torso asegurando la colocaci\u00f3n precisa para el tratamiento de alta precisi\u00f3n. Se puede usar con reposacabezas y tambi\u00e9n se ajustan debajo de una m\u00e1scara termopl\u00e1stica para crear un soporte personalizado e inmovilizaci\u00f3n de 360 grados. El coj\u00edn interno contiene una mezcla patentada de poliestireno liviano de alta calidad rodeado por una fina capa de termopl\u00e1stico. La cubierta exterior suave y el\u00e1stica est\u00e1 hecha de tela de nylon simple. Todas las colchonetas son 100% no t\u00f3xicos, con un encogimiento m\u00ednimo y sin olor. 100% no t\u00f3xico e inodoro.<\/p>\n","protected":false},"featured_media":1154,"comment_status":"closed","ping_status":"closed","template":"","meta":[],"yoast_head":"<!-- This site is optimized with the Yoast SEO plugin v14.9 - https:\/\/yoast.com\/wordpress\/plugins\/seo\/ -->\n<title>Colchonetas | Limage S.R.L<\/title>\n<meta name=\"robots\" content=\"index, follow, max-snippet:-1, max-image-preview:large, max-video-preview:-1\" \/>\n<link rel=\"canonical\" href=\"http:\/\/limagesrl.com.ar\/index.php\/producto\/colchonetas\/\" \/>\n<meta property=\"og:locale\" content=\"es_ES\" \/>\n<meta property=\"og:type\" content=\"article\" \/>\n<meta property=\"og:title\" content=\"Colchonetas | Limage S.R.L\" \/>\n<meta property=\"og:description\" content=\"Son herramientas avanzadas que proporcionan apoyo para los pacientes en cabeza, cuello y torso asegurando la colocaci\u00f3n precisa para el tratamiento de alta precisi\u00f3n. Se puede usar con reposacabezas y tambi\u00e9n se ajustan debajo de una m\u00e1scara termopl\u00e1stica para crear un soporte personalizado e inmovilizaci\u00f3n de 360 grados. El coj\u00edn interno contiene una mezcla patentada de poliestireno liviano de alta calidad rodeado por una fina capa de termopl\u00e1stico. La cubierta exterior suave y el\u00e1stica est\u00e1 hecha de tela de nylon simple. Todas las colchonetas son 100% no t\u00f3xicos, con un encogimiento m\u00ednimo y sin olor. 100% no t\u00f3xico e inodoro.\" \/>\n<meta property=\"og:url\" content=\"http:\/\/limagesrl.com.ar\/index.php\/producto\/colchonetas\/\" \/>\n<meta property=\"og:site_name\" content=\"Limage S.R.L\" \/>\n<meta property=\"article:modified_time\" content=\"2018-10-08T14:02:44+00:00\" \/>\n<meta property=\"og:image\" content=\"https:\/\/limagesrl.com.ar\/wp-content\/uploads\/2018\/09\/0002_COLCHONETAS5.jpg\" \/>\n\t<meta property=\"og:image:width\" content=\"475\" \/>\n\t<meta property=\"og:image:height\" content=\"423\" \/>\n<meta name=\"twitter:card\" content=\"summary_large_image\" \/>\n<script type=\"application\/ld+json\" class=\"yoast-schema-graph\">{\"@context\":\"https:\/\/schema.org\",\"@graph\":[{\"@type\":\"WebSite\",\"@id\":\"https:\/\/limagesrl.com.ar\/#website\",\"url\":\"https:\/\/limagesrl.com.ar\/\",\"name\":\"Limage S.R.L\",\"description\":\"Tecnologia Medica\",\"potentialAction\":[{\"@type\":\"SearchAction\",\"target\":\"https:\/\/limagesrl.com.ar\/?s={search_term_string}\",\"query-input\":\"required name=search_term_string\"}],\"inLanguage\":\"es-AR\"},{\"@type\":\"ImageObject\",\"@id\":\"http:\/\/limagesrl.com.ar\/index.php\/producto\/colchonetas\/#primaryimage\",\"inLanguage\":\"es-AR\",\"url\":\"https:\/\/limagesrl.com.ar\/wp-content\/uploads\/2018\/09\/0002_COLCHONETAS5.jpg\",\"width\":475,\"height\":423},{\"@type\":\"WebPage\",\"@id\":\"http:\/\/limagesrl.com.ar\/index.php\/producto\/colchonetas\/#webpage\",\"url\":\"http:\/\/limagesrl.com.ar\/index.php\/producto\/colchonetas\/\",\"name\":\"Colchonetas | Limage S.R.L\",\"isPartOf\":{\"@id\":\"https:\/\/limagesrl.com.ar\/#website\"},\"primaryImageOfPage\":{\"@id\":\"http:\/\/limagesrl.com.ar\/index.php\/producto\/colchonetas\/#primaryimage\"},\"datePublished\":\"2018-09-04T22:38:55+00:00\",\"dateModified\":\"2018-10-08T14:02:44+00:00\",\"inLanguage\":\"es-AR\",\"potentialAction\":[{\"@type\":\"ReadAction\",\"target\":[\"http:\/\/limagesrl.com.ar\/index.php\/producto\/colchonetas\/\"]}]}]}<\/script>\n<!-- \/ Yoast SEO plugin. -->","amp_enabled":true,"_links":{"self":[{"href":"https:\/\/limagesrl.com.ar\/index.php\/wp-json\/wp\/v2\/product\/910"}],"collection":[{"href":"https:\/\/limagesrl.com.ar\/index.php\/wp-json\/wp\/v2\/product"}],"about":[{"href":"https:\/\/limagesrl.com.ar\/index.php\/wp-json\/wp\/v2\/types\/product"}],"replies":[{"embeddable":true,"href":"https:\/\/limagesrl.com.ar\/index.php\/wp-json\/wp\/v2\/comments?post=910"}],"wp:featuredmedia":[{"embeddable":true,"href":"https:\/\/limagesrl.com.ar\/index.php\/wp-json\/wp\/v2\/media\/1154"}],"wp:attachment":[{"href":"https:\/\/limagesrl.com.ar\/index.php\/wp-json\/wp\/v2\/media?parent=910"}],"curies":[{"name":"wp","href":"https:\/\/api.w.org\/{rel}","templated":true}]}}